{"id":117,"date":"2020-07-29T16:41:20","date_gmt":"2020-07-29T16:41:20","guid":{"rendered":"http:\/\/www.gecad.isep.ipp.pt\/AIPES\/?page_id=117"},"modified":"2020-07-29T16:42:04","modified_gmt":"2020-07-29T16:42:04","slug":"program","status":"publish","type":"page","link":"https:\/\/www.gecad.isep.ipp.pt\/AIPES\/program\/","title":{"rendered":"Program"},"content":{"rendered":"\n<h2 class=\"wp-block-heading\"><strong>Friday, September 4th 14h &#8211; 17h30<\/strong><\/h2>\n\n\n\n<p><\/p>\n\n\n\n<p><strong>14h &#8211; Welcome and introduction<\/strong>, Zita Vale<\/p>\n\n\n\n<p><strong>14h10 &#8211; Paper session 1<\/strong> (chair: Elena Mocanu)<\/p>\n\n\n\n<p>Impact of Population Size on the Performance of DE Based Power System Stabilizers, Komla Folly and Fa Mulumba<\/p>\n\n\n\n<p>Knowledge Based Segmentation to Improve Accuracy and Explainability in Non-Technical Losses Detection, Albert Calvo, Bernat Coma-Puig, Josep Carmona and Marta Arias<\/p>\n\n\n\n<p>Charge\/Discharge Scheduling of Electric Vehicles and Battery Energy Storage in Smart Building: a Mix Binary Linear Programming model, Zahra Foroozandeh, S\u00e9rgio Ramos, Jo\u00e3o Soares, Zita Vale and Ant\u00f3nio Gomes<\/p>\n\n\n\n<p><strong>15h10 &#8211; Keynote speaker<\/strong>: Pierluigi Siano, University of Salerno (chair: Pedro Faria)<\/p>\n\n\n\n<p><strong>16h10 &#8211; Paper session 2<\/strong> (chair: Decebal Mocanu)<\/p>\n\n\n\n<p>An Artificial Intelligent System for Demand Response in Neighbourhoods, Iker Esnaola-Gonzalez, Francisco Javier Diez, Dea Pujic, Marko Jelic and Nikola Tomasevic<\/p>\n\n\n\n<p>Build Smart Grids on Big Data and Artificial Intelligence \u2014 a Real-world Example, Shutang You, Weikang Wang, Yi Cui, Hongyu Li, Shengyuan Liu, Yu Su, Yinfeng Zhao, Huangqing Xiao, Summer Fabus, He Yin, Wenxuan Yao, Kaiqi Sun, Chujie Zeng, Wenpeng Yu, Yuru Wu, Chang Chen, Mirka Mandich, Jiaojiao Dong, Lin Zhu, Haoyu Yuan, Jin Tan and Yilu Liu<\/p>\n\n\n\n<p>Prosumers Flexibility as Support for Ancillary Services in Low Voltage Level, Ricardo Faia, Tiago Pinto, Fernando Lezama, Zita Vale, Juan Manuel Corchado and Alfonso Gonz\u00e1lez-Briones&nbsp;&nbsp;&nbsp;&nbsp;&nbsp;&nbsp;&nbsp;&nbsp;&nbsp;&nbsp;&nbsp;&nbsp;&nbsp; <\/p>\n\n\n\n<p><strong>17h10 &#8211; Wrap up and closing remarks<\/strong>, Tiago Pinto<\/p>\n","protected":false},"excerpt":{"rendered":"<p>Friday, September 4th 14h &#8211; 17h30 14h &#8211; Welcome and introduction, Zita Vale 14h10 &#8211; Paper session 1 (chair: Elena Mocanu) Impact of Population Size on the Performance of DE Based Power System Stabilizers, Komla Folly and Fa Mulumba Knowledge Based Segmentation to Improve Accuracy and Explainability in Non-Technical Losses Detection, Albert Calvo, Bernat Coma-Puig,&hellip; <br \/> <a class=\"read-more\" href=\"https:\/\/www.gecad.isep.ipp.pt\/AIPES\/program\/\">Read more<\/a><\/p>\n","protected":false},"author":2,"featured_media":0,"parent":0,"menu_order":0,"comment_status":"closed","ping_status":"closed","template":"","meta":{"om_disable_all_campaigns":false,"_monsterinsights_skip_tracking":false,"_monsterinsights_sitenote_active":false,"_monsterinsights_sitenote_note":"","_monsterinsights_sitenote_category":0},"aioseo_notices":[],"_links":{"self":[{"href":"https:\/\/www.gecad.isep.ipp.pt\/AIPES\/wp-json\/wp\/v2\/pages\/117"}],"collection":[{"href":"https:\/\/www.gecad.isep.ipp.pt\/AIPES\/wp-json\/wp\/v2\/pages"}],"about":[{"href":"https:\/\/www.gecad.isep.ipp.pt\/AIPES\/wp-json\/wp\/v2\/types\/page"}],"author":[{"embeddable":true,"href":"https:\/\/www.gecad.isep.ipp.pt\/AIPES\/wp-json\/wp\/v2\/users\/2"}],"replies":[{"embeddable":true,"href":"https:\/\/www.gecad.isep.ipp.pt\/AIPES\/wp-json\/wp\/v2\/comments?post=117"}],"version-history":[{"count":2,"href":"https:\/\/www.gecad.isep.ipp.pt\/AIPES\/wp-json\/wp\/v2\/pages\/117\/revisions"}],"predecessor-version":[{"id":124,"href":"https:\/\/www.gecad.isep.ipp.pt\/AIPES\/wp-json\/wp\/v2\/pages\/117\/revisions\/124"}],"wp:attachment":[{"href":"https:\/\/www.gecad.isep.ipp.pt\/AIPES\/wp-json\/wp\/v2\/media?parent=117"}],"curies":[{"name":"wp","href":"https:\/\/api.w.org\/{rel}","templated":true}]}}