{"id":14,"date":"2018-10-11T16:44:07","date_gmt":"2018-10-11T16:44:07","guid":{"rendered":"http:\/\/www.gecad.isep.ipp.pt\/CENERGETIC\/?page_id=14"},"modified":"2022-04-21T13:38:45","modified_gmt":"2022-04-21T13:38:45","slug":"consortium","status":"publish","type":"page","link":"https:\/\/www.gecad.isep.ipp.pt\/CENERGETIC\/consortium\/","title":{"rendered":"TEAM"},"content":{"rendered":"<h4>CENERGETIC\u00a0team is composed by ISEP and UNESP researchers.<\/h4>\n<h4>1 &#8211; Instituto Superior de Engenharia do Porto (ISEP) &#8211; School of Engineering, Polytechnic of Porto (IPP).<\/h4>\n<p><img decoding=\"async\" loading=\"lazy\" class=\"alignnone size-full wp-image-710\" src=\"https:\/\/www.gecad.isep.ipp.pt\/CENERGETIC\/wp-content\/uploads\/2022\/04\/ISEP2.png\" alt=\"\" width=\"1936\" height=\"912\" \/><\/p>\n<ul>\n<li><strong>Jo\u00e3o Soares<\/strong> (Principal Investigator), Researcher, Polytechnic of Porto &#8211; <a href=\"https:\/\/www.linkedin.com\/in\/joao-soares-20b7694\/\" target=\"_blank\" rel=\"noopener\">LinkedIn<\/a> &#8211; <a href=\"https:\/\/www.researchgate.net\/profile\/Joao_Soares5\" target=\"_blank\" rel=\"noopener\">ResearchGate<\/a><\/li>\n<li><strong>Goreti Marreiros<\/strong> (Co-Principal Investigator), Adjunct Professor, Polytechnic of Porto &#8211; <a href=\"https:\/\/www.linkedin.com\/in\/goreti-marreiros-25b4311\/\" target=\"_blank\" rel=\"noopener\">LinkedIn<\/a> &#8211; <a href=\"https:\/\/www.researchgate.net\/profile\/Goreti_Marreiros\" target=\"_blank\" rel=\"noopener\">ResearchGate<\/a><\/li>\n<li>Zita Vale, Researcher, Full Professor, Polytechnic of Porto &#8211; <a href=\"http:\/\/www.linkedin.com\/in\/zitavale\" target=\"_blank\" rel=\"noopener\">LinkedIn<\/a> &#8211; <a href=\"https:\/\/www.researchgate.net\/profile\/Zita_Vale\" target=\"_blank\" rel=\"noopener\">ResearhGate<\/a><\/li>\n<li>Bruno Canizes, Researcher, Polytechnic of Porto\u00a0&#8211; <a href=\"https:\/\/www.linkedin.com\/in\/bruno-canizes-45009149\/\" target=\"_blank\" rel=\"noopener\">LinkedIn<\/a> &#8211; <a href=\"https:\/\/www.researchgate.net\/profile\/Bruno_Canizes\" target=\"_blank\" rel=\"noopener\">ResearhGate<\/a><\/li>\n<li>Zahra Foroozandeh, Researcher, Polytechnic of Porto &#8211; <a href=\"https:\/\/www.linkedin.com\/in\/zahra-foroozandeh-704a6885\/\" target=\"_blank\" rel=\"noopener\">Linkedin<\/a><\/li>\n<li>Rafael Barbarroxa, Researcher, Polytechnic of Porto &#8211; <a href=\"https:\/\/www.linkedin.com\/in\/rafael-barbarroxa\/\" target=\"_blank\" rel=\"noopener\">LinkedIn<\/a> &#8211; <a href=\"https:\/\/www.researchgate.net\/profile\/Rafael-Barbarroxa\" target=\"_blank\" rel=\"noopener\">ResearchGate<\/a><\/li>\n<li>D\u00e9bora Regina De S\u00e3o Jos\u00e9, Researcher, Polytechnic of Porto &#8211; <a href=\"https:\/\/www.linkedin.com\/in\/deboradesaojose\/\" target=\"_blank\" rel=\"noopener\">LinkedIn<\/a> &#8211; <a href=\"https:\/\/www.researchgate.net\/profile\/Debora-De-Sao-Jose\/research\" target=\"_blank\" rel=\"noopener\">ResearchGate<\/a><\/li>\n<li>Ant\u00f3nio Gomes, Adjunct Professor, Polytechnic of Porto &#8211; <a href=\"https:\/\/www.linkedin.com\/in\/ant%C3%B3nio-gomes-29a1a16b\/\" target=\"_blank\" rel=\"noopener\">LinkedIn<\/a><\/li>\n<li>Iv\u00e1n S. Razo-Zapata, External researcher, ITAM (Mexico Autonomous Institute of Technology) and COCOA Collaborative Innovation BV, Netherlands &#8211; <a href=\"https:\/\/www.linkedin.com\/in\/razo-zapata\" target=\"_blank\" rel=\"noopener\">LinkedIn<\/a>\u00a0&#8211; <a href=\"https:\/\/www.researchgate.net\/profile\/Ivan_Razo-Zapata2\" target=\"_blank\" rel=\"noopener\">ResearchGate<\/a><\/li>\n<\/ul>\n<p><span style=\"font-size: 1.2em; font-weight: 600;\">2 &#8211; Universidade Estadual Paulista &#8220;Ju\u0301lio de Mesquita Filho&#8221; (UNESP), Sao Paulo State University.<\/span><\/p>\n<p><img decoding=\"async\" loading=\"lazy\" class=\"wp-image-656 aligncenter\" src=\"https:\/\/www.gecad.isep.ipp.pt\/CENERGETIC\/wp-content\/uploads\/2022\/01\/UNESP-2.png\" alt=\"\" width=\"691\" height=\"423\" \/><\/p>\n<div class=\"page\">\n<div class=\"section\">\n<div class=\"layoutArea\">\n<div class=\"column\">\n<ul>\n<li><strong>Rub\u00e9n Romero\u00a0<\/strong>(Principal Investigator in UNESP team), Full Professor, UNESP-Ilha Solteira<\/li>\n<li>Leonardo H. Macedo, Postdoc, UNESP-Ilha Solteira<\/li>\n<li>John F. Franco, Assistant Professor, UNESP-Rosana<\/li>\n<li>Tayenne Dias de Lima, Ph.D. Student, UNESP-Ilha Solteira<\/li>\n<li>Lu\u00eds Gustavo Bautista, Ph.D. Student, UNESP-Ilha Solteira<\/li>\n<li>Cindy Paola Guzman Lascano,\u00a0Ph.D. Student, UNESP-Ilha Solteira<\/li>\n<li>Enielma Cunha da Silva, Ph.D. Student, UNESP-Ilha Solteira<\/li>\n<\/ul>\n<\/div>\n<\/div>\n<h4>Acknowledged researchers:<\/h4>\n<p><img decoding=\"async\" loading=\"lazy\" class=\"wp-image-658 aligncenter\" src=\"https:\/\/www.gecad.isep.ipp.pt\/CENERGETIC\/wp-content\/uploads\/2022\/01\/Aknowledge-1.png\" alt=\"\" width=\"390\" height=\"256\" \/><\/p>\n<ul>\n<li>Fernando Lezama, Researcher, Polytechnic of Porto<\/li>\n<li>Ricardo Faia, PhD candidate, Polytechnic of Porto<\/li>\n<\/ul>\n<p><img decoding=\"async\" loading=\"lazy\" class=\"size-large wp-image-217 hoverZoomLink aligncenter\" src=\"https:\/\/www.gecad.isep.ipp.pt\/CENERGETIC\/wp-content\/uploads\/2019\/05\/sponsor-1024x101.png\" alt=\"\" width=\"1024\" height=\"101\" srcset=\"https:\/\/www.gecad.isep.ipp.pt\/CENERGETIC\/wp-content\/uploads\/2019\/05\/sponsor-1024x101.png 1024w, https:\/\/www.gecad.isep.ipp.pt\/CENERGETIC\/wp-content\/uploads\/2019\/05\/sponsor-300x29.png 300w, https:\/\/www.gecad.isep.ipp.pt\/CENERGETIC\/wp-content\/uploads\/2019\/05\/sponsor-768x75.png 768w, https:\/\/www.gecad.isep.ipp.pt\/CENERGETIC\/wp-content\/uploads\/2019\/05\/sponsor-1920x189.png 1920w\" sizes=\"(max-width: 1024px) 100vw, 1024px\" \/><\/p>\n<\/div>\n<\/div>\n","protected":false},"excerpt":{"rendered":"<p>CENERGETIC\u00a0team is composed by ISEP and UNESP researchers. 1 &#8211; Instituto Superior de Engenharia do Porto (ISEP) &#8211; School of Engineering, Polytechnic of Porto (IPP). Jo\u00e3o Soares (Principal Investigator), Researcher, Polytechnic of Porto &#8211; LinkedIn &#8211; ResearchGate Goreti Marreiros (Co-Principal Investigator), Adjunct Professor, Polytechnic of Porto &#8211; LinkedIn &#8211; ResearchGate Zita Vale, Researcher, Full Professor,&hellip; <br \/> <a class=\"read-more\" href=\"https:\/\/www.gecad.isep.ipp.pt\/CENERGETIC\/consortium\/\">Read more<\/a><\/p>\n","protected":false},"author":1,"featured_media":0,"parent":0,"menu_order":0,"comment_status":"closed","ping_status":"closed","template":"","meta":{"_monsterinsights_skip_tracking":false,"_monsterinsights_sitenote_active":false,"_monsterinsights_sitenote_note":"","_monsterinsights_sitenote_category":0,"footnotes":""},"_links":{"self":[{"href":"https:\/\/www.gecad.isep.ipp.pt\/CENERGETIC\/wp-json\/wp\/v2\/pages\/14"}],"collection":[{"href":"https:\/\/www.gecad.isep.ipp.pt\/CENERGETIC\/wp-json\/wp\/v2\/pages"}],"about":[{"href":"https:\/\/www.gecad.isep.ipp.pt\/CENERGETIC\/wp-json\/wp\/v2\/types\/page"}],"author":[{"embeddable":true,"href":"https:\/\/www.gecad.isep.ipp.pt\/CENERGETIC\/wp-json\/wp\/v2\/users\/1"}],"replies":[{"embeddable":true,"href":"https:\/\/www.gecad.isep.ipp.pt\/CENERGETIC\/wp-json\/wp\/v2\/comments?post=14"}],"version-history":[{"count":31,"href":"https:\/\/www.gecad.isep.ipp.pt\/CENERGETIC\/wp-json\/wp\/v2\/pages\/14\/revisions"}],"predecessor-version":[{"id":712,"href":"https:\/\/www.gecad.isep.ipp.pt\/CENERGETIC\/wp-json\/wp\/v2\/pages\/14\/revisions\/712"}],"wp:attachment":[{"href":"https:\/\/www.gecad.isep.ipp.pt\/CENERGETIC\/wp-json\/wp\/v2\/media?parent=14"}],"curies":[{"name":"wp","href":"https:\/\/api.w.org\/{rel}","templated":true}]}}