{"id":12,"date":"2018-10-11T14:44:13","date_gmt":"2018-10-11T14:44:13","guid":{"rendered":"http:\/\/www.gecad.isep.ipp.pt\/COLORS\/?page_id=12"},"modified":"2019-09-19T14:18:59","modified_gmt":"2019-09-19T14:18:59","slug":"team","status":"publish","type":"page","link":"https:\/\/www.gecad.isep.ipp.pt\/COLORS\/team\/","title":{"rendered":"TEAM"},"content":{"rendered":"<ul>\n<li><strong>Pedro Faria<\/strong>\u00a0(Principal Investigator \u2013 PI), Auxiliary Researcher, ISEP\/Polytechnic of Porto \u2013\u00a0<a href=\"https:\/\/www.linkedin.com\/in\/pedro-faria-019a8918\/\">LinkedIn<\/a>\u00a0\u2013\u00a0<a href=\"https:\/\/www.researchgate.net\/profile\/Pedro_Faria11\">ResearhGate<\/a><\/li>\n<li>Zita Vale\u00a0(Co-PI), Full Professor, ISEP\/Polytechnic of Porto \u2013\u00a0<a href=\"http:\/\/www.linkedin.com\/in\/zitavale\">LinkedIn<\/a>\u00a0\u2013\u00a0<a href=\"https:\/\/www.researchgate.net\/profile\/Zita_Vale\">ResearhGate<\/a><\/li>\n<li>Aria Jozi, Researcher, ISEP\/Polytechnic of Porto \u2013\u00a0<a href=\"https:\/\/www.linkedin.com\/in\/aria-jozi\/\">LinkedIn<\/a>\u00a0\u2013\u00a0<a href=\"https:\/\/www.researchgate.net\/profile\/Aria_Jozi\">ResearchGate<\/a><\/li>\n<li>Bruno Canizes, Researcher, ISEP\/Polytechnic of Porto \u2013\u00a0<a href=\"https:\/\/www.linkedin.com\/in\/bruno-canizes-45009149\/\">LinkedIn<\/a>\u00a0\u2013\u00a0<a href=\"https:\/\/www.researchgate.net\/profile\/Bruno_Canizes\">ResearchGate<\/a><\/li>\n<li>D\u00e9bora De S\u00e3o Jos\u00e9,\u00a0Researcher, ISEP\/Polytechnic of Porto \u2013\u00a0<a href=\"https:\/\/www.linkedin.com\/in\/deboradesaojose\/\">LinkedIn<\/a>\u00a0\u2013\u00a0<a href=\"https:\/\/www.researchgate.net\/profile\/Debora_De_Sao_Jose\">ResearchGate<\/a><\/li>\n<li>Fernando Lezama, Researcher, ISEP\/Polytechnic of Porto \u2013\u00a0<a href=\"https:\/\/www.linkedin.com\/in\/fernando-lezama-04bb819a\/\">LinkedIn<\/a>\u00a0\u2013\u00a0<a href=\"https:\/\/www.researchgate.net\/profile\/Fernando_Lezama2\">ResearchGate<\/a><\/li>\n<li>Isabel Jesus,\u00a0Researcher, ISEP\/Polytechnic of Porto \u2013\u00a0<a href=\"https:\/\/www.researchgate.net\/profile\/Isabel_Jesus\">ResearchGate<\/a><\/li>\n<li>Jo\u00e3o Soares, Auxiliary Researcher, ISEP\/Polytechnic of Porto \u2013\u00a0<a href=\"https:\/\/www.linkedin.com\/in\/joao-soares-20b7694\/\">LinkedIn<\/a>\u00a0\u2013\u00a0<a href=\"https:\/\/www.researchgate.net\/profile\/Joao_Soares5\">ResearchGate<\/a><\/li>\n<li>Mahsa Khorram, Researcher, ISEP\/Polytechnic of Porto \u2013\u00a0<a href=\"https:\/\/www.linkedin.com\/in\/mhs-khorram\/\">LinkedIn<\/a>\u00a0\u2013\u00a0<a href=\"https:\/\/www.researchgate.net\/profile\/Mahsa_Khorram2\">ResearchGate<\/a><\/li>\n<li>Ramiro Barbosa, Researcher, ISEP\/Polytechnic of Porto \u2013\u00a0<a href=\"https:\/\/www.researchgate.net\/profile\/Ramiro_Barbosa\">ResearchGate<\/a><\/li>\n<li>S\u00e9rgio Ramos, Adjunct Professor, ISEP\/Polytechnic of Porto \u2013\u00a0<a href=\"https:\/\/www.linkedin.com\/in\/sergio-ramos-19a7858\/\">LinkedIn<\/a>\u00a0\u2013\u00a0<a href=\"https:\/\/www.researchgate.net\/profile\/Sergio_Ramos11\">ResearchGate<\/a><\/li>\n<\/ul>\n<p><img decoding=\"async\" loading=\"lazy\" class=\"size-full wp-image-132 aligncenter\" src=\"https:\/\/www.gecad.isep.ipp.pt\/COLORS\/wp-content\/uploads\/2018\/10\/21-GECAD-Logotipo-NOVO-25-06-2015-33-copy-1.png\" alt=\"\" width=\"639\" height=\"100\" srcset=\"https:\/\/www.gecad.isep.ipp.pt\/COLORS\/wp-content\/uploads\/2018\/10\/21-GECAD-Logotipo-NOVO-25-06-2015-33-copy-1.png 639w, https:\/\/www.gecad.isep.ipp.pt\/COLORS\/wp-content\/uploads\/2018\/10\/21-GECAD-Logotipo-NOVO-25-06-2015-33-copy-1-300x47.png 300w\" sizes=\"(max-width: 639px) 100vw, 639px\" \/><\/p>\n<p><img decoding=\"async\" loading=\"lazy\" class=\"alignnone size-large wp-image-168 hoverZoomLink\" src=\"https:\/\/www.gecad.isep.ipp.pt\/COLORS\/wp-content\/uploads\/2019\/05\/sponsor-1024x101.png\" alt=\"\" width=\"1024\" height=\"101\" srcset=\"https:\/\/www.gecad.isep.ipp.pt\/COLORS\/wp-content\/uploads\/2019\/05\/sponsor-1024x101.png 1024w, https:\/\/www.gecad.isep.ipp.pt\/COLORS\/wp-content\/uploads\/2019\/05\/sponsor-300x29.png 300w, https:\/\/www.gecad.isep.ipp.pt\/COLORS\/wp-content\/uploads\/2019\/05\/sponsor-768x75.png 768w, https:\/\/www.gecad.isep.ipp.pt\/COLORS\/wp-content\/uploads\/2019\/05\/sponsor-1920x189.png 1920w\" sizes=\"(max-width: 1024px) 100vw, 1024px\" \/><\/p>\n","protected":false},"excerpt":{"rendered":"<p>Pedro Faria\u00a0(Principal Investigator \u2013 PI), Auxiliary Researcher, ISEP\/Polytechnic of Porto \u2013\u00a0LinkedIn\u00a0\u2013\u00a0ResearhGate Zita Vale\u00a0(Co-PI), Full Professor, ISEP\/Polytechnic of Porto \u2013\u00a0LinkedIn\u00a0\u2013\u00a0ResearhGate Aria Jozi, Researcher, ISEP\/Polytechnic of Porto \u2013\u00a0LinkedIn\u00a0\u2013\u00a0ResearchGate Bruno Canizes, Researcher, ISEP\/Polytechnic of Porto \u2013\u00a0LinkedIn\u00a0\u2013\u00a0ResearchGate D\u00e9bora De S\u00e3o Jos\u00e9,\u00a0Researcher, ISEP\/Polytechnic of Porto \u2013\u00a0LinkedIn\u00a0\u2013\u00a0ResearchGate Fernando Lezama, Researcher, ISEP\/Polytechnic of Porto \u2013\u00a0LinkedIn\u00a0\u2013\u00a0ResearchGate Isabel Jesus,\u00a0Researcher, ISEP\/Polytechnic of Porto \u2013\u00a0ResearchGate Jo\u00e3o&hellip; <br \/> <a class=\"read-more\" href=\"https:\/\/www.gecad.isep.ipp.pt\/COLORS\/team\/\">Read more<\/a><\/p>\n","protected":false},"author":1,"featured_media":0,"parent":0,"menu_order":0,"comment_status":"closed","ping_status":"closed","template":"page-templates\/homepage.php","meta":{"_monsterinsights_skip_tracking":false,"_monsterinsights_sitenote_active":false,"_monsterinsights_sitenote_note":"","_monsterinsights_sitenote_category":0,"footnotes":""},"_links":{"self":[{"href":"https:\/\/www.gecad.isep.ipp.pt\/COLORS\/wp-json\/wp\/v2\/pages\/12"}],"collection":[{"href":"https:\/\/www.gecad.isep.ipp.pt\/COLORS\/wp-json\/wp\/v2\/pages"}],"about":[{"href":"https:\/\/www.gecad.isep.ipp.pt\/COLORS\/wp-json\/wp\/v2\/types\/page"}],"author":[{"embeddable":true,"href":"https:\/\/www.gecad.isep.ipp.pt\/COLORS\/wp-json\/wp\/v2\/users\/1"}],"replies":[{"embeddable":true,"href":"https:\/\/www.gecad.isep.ipp.pt\/COLORS\/wp-json\/wp\/v2\/comments?post=12"}],"version-history":[{"count":16,"href":"https:\/\/www.gecad.isep.ipp.pt\/COLORS\/wp-json\/wp\/v2\/pages\/12\/revisions"}],"predecessor-version":[{"id":190,"href":"https:\/\/www.gecad.isep.ipp.pt\/COLORS\/wp-json\/wp\/v2\/pages\/12\/revisions\/190"}],"wp:attachment":[{"href":"https:\/\/www.gecad.isep.ipp.pt\/COLORS\/wp-json\/wp\/v2\/media?parent=12"}],"curies":[{"name":"wp","href":"https:\/\/api.w.org\/{rel}","templated":true}]}}