{"id":652,"date":"2021-12-15T16:53:31","date_gmt":"2021-12-15T16:53:31","guid":{"rendered":"http:\/\/www.gecad.isep.ipp.pt\/ERM-competitions\/?page_id=652"},"modified":"2023-12-14T10:36:11","modified_gmt":"2023-12-14T10:36:11","slug":"2022-2","status":"publish","type":"page","link":"https:\/\/www.gecad.isep.ipp.pt\/ERM-competitions\/2022-2\/","title":{"rendered":"Call for Competition on Evolutionary Computation in the Energy Domain: Risk-based Energy Scheduling"},"content":{"rendered":"\n<p><a rel=\"noreferrer noopener\" href=\"https:\/\/gecco-2022.sigevo.org\/HomePage\" target=\"_blank\">GECCO 2022<\/a> &amp; <a rel=\"noreferrer noopener\" href=\"https:\/\/wcci2022.org\/\" target=\"_blank\">IEEE WCCI 2022<\/a> (Joint competition)<\/p>\n\n\n\n<p>9-13 July &#8211; Boston, USA (GECCO 2022) | 18-23 July &#8211; Padua, Italy (WCCI 2022) <\/p>\n\n\n\n<p><strong>Organized<\/strong> by Jo\u00e3o Soares, Fernando Lezama, Jos\u00e9 Almeida, Bruno Canizes, Zita Vale<\/p>\n\n\n\n<p class=\"has-white-color has-luminous-vivid-orange-background-color has-text-color has-background\"><strong>Final results have been published<\/strong> &#8211; <strong>03 August 2022<\/strong><\/p>\n\n\n\n<hr class=\"wp-block-separator has-css-opacity\"\/>\n\n\n\n<h2 class=\"wp-block-heading\">Final Rank Results<\/h2>\n\n\n\n<p><\/p>\n\n\n\n<figure class=\"wp-block-table\"><table><tbody><tr><td><strong>Final Rank<\/strong><\/td><td><strong>Name<\/strong><\/td><td><strong>Affiliation, Country<\/strong><\/td><td><strong>Algorithm<\/strong><\/td><td><strong>Rank Index<\/strong><\/td><\/tr><tr><td><strong><span class=\"has-inline-color has-luminous-vivid-amber-color\">1<br>IEEE CIS Prize \u2013 500 $<\/span><\/strong><\/td><td>Mengyuan Zhang, Mengchang Wang, and Wotao Yin<\/td><td>Decision Intelligence Lab @ Alibaba DAMO Academy, China<\/td><td>ReSaDE<br><br><a href=\"https:\/\/www.gecad.isep.ipp.pt\/ERM-competitions\/wp-content\/uploads\/2022\/08\/ReSaDE_First.pdf\" data-type=\"URL\" data-id=\"https:\/\/www.gecad.isep.ipp.pt\/ERM-competitions\/wp-content\/uploads\/2022\/08\/ReSaDE_First.pdf\" target=\"_blank\" rel=\"noreferrer noopener\">Presentation<\/a><br><a rel=\"noreferrer noopener\" href=\"https:\/\/www.gecad.isep.ipp.pt\/ERM-competitions\/wp-content\/uploads\/2022\/08\/ReSaDE_First.zip\" target=\"_blank\">Algorithm (link)<\/a><\/td><td>\u200b14951<\/td><\/tr><tr><td>2<\/td><td>Ansel Y. Rodr\u00edguez Gonz\u00e1lez, \u00c1ngel D\u00edaz Pacheco, Ram\u00f3n Aranda, Miguel \u00c1. \u00c1lvarez-Carmona, Yoan Mart\u00ednez L\u00f3pez, and Julio Madera<\/td><td>Unidad de Transferencia Tecnol\u00f3gica Tepic del Centro de Investigaci\u00f3n Cient\u00edfica y de Educaci\u00f3n Superior de Ensenada, Mexico;<br>Consejo Nacional de Ciencia y Tecnolog\u00eda, Mexico;<br>Universidad de Camag\u00fcey, Cuba<\/td><td>RCEDUMDA2022<br><br><a href=\"https:\/\/www.gecad.isep.ipp.pt\/ERM-competitions\/wp-content\/uploads\/2022\/08\/RCEDUMDA_Second.pdf\" data-type=\"URL\" data-id=\"https:\/\/www.gecad.isep.ipp.pt\/ERM-competitions\/wp-content\/uploads\/2022\/08\/RCEDUMDA_Second.pdf\" target=\"_blank\" rel=\"noreferrer noopener\">Presentation<\/a><br><a href=\"https:\/\/www.gecad.isep.ipp.pt\/ERM-competitions\/wp-content\/uploads\/2022\/08\/RCEDUMDA2022_Second.zip\" data-type=\"URL\" data-id=\"https:\/\/www.gecad.isep.ipp.pt\/ERM-competitions\/wp-content\/uploads\/2022\/08\/RCEDUMDA2022_Second.zip\" target=\"_blank\" rel=\"noreferrer noopener\">Algorithm (link)<\/a><\/td><td>\u200b15255<\/td><\/tr><tr><td>3<\/td><td>Dharmesh Dabhi and Kartik Pandya<\/td><td>Dept. of Electrical Engineering, CSPIT, CHARUSAT, India<\/td><td>CHAOTIC LEVY HC2RCEDUMDA<br><br><a href=\"https:\/\/www.gecad.isep.ipp.pt\/ERM-competitions\/wp-content\/uploads\/2022\/08\/CL_HC2RCEDUMDA_Third.pdf\" data-type=\"URL\" data-id=\"https:\/\/www.gecad.isep.ipp.pt\/ERM-competitions\/wp-content\/uploads\/2022\/08\/CL_HC2RCEDUMDA_Third.pdf\" target=\"_blank\" rel=\"noreferrer noopener\">Presentation<\/a><br><a rel=\"noreferrer noopener\" href=\"https:\/\/www.gecad.isep.ipp.pt\/ERM-competitions\/wp-content\/uploads\/2022\/08\/CL_HC2RCEDUMDA_Third.zip\" data-type=\"URL\" data-id=\"https:\/\/www.gecad.isep.ipp.pt\/ERM-competitions\/wp-content\/uploads\/2022\/08\/CL_HC2RCEDUMDA_Third.zip\" target=\"_blank\">Algorithm (link)<\/a><\/td><td>\u200b15777<\/td><\/tr><tr><td>4<\/td><td>Ricardo Faia, John Fredy, Tiago Pinto, and Juan Corchado<\/td><td>University of Salamanca (USAL), Spain; UTAD, Portugal; UNESP, Brazil<\/td><td>Mod-WHO<\/td><td>\u200b17387<\/td><\/tr><tr><td>5<\/td><td>Carolina Gil Marcelino, Gabriel Matos Cardoso Leite, Silvia Jimenez-Fernandez, Sancho Salcedo-Sanz<\/td><td>Federal University of Rio de Janeiro (UFRJ), Brazil; University of Alcal\u00e1 (UAH), Spain<\/td><td>C-DEEPSO_Mod<\/td><td>\u200b18115<\/td><\/tr><tr><td>6<\/td><td>Carolina Gil Marcelino, Gabriel Matos Cardoso Leite, Silvia Jimenez-Fernandez, and Sancho Salcedo-Sanz<\/td><td>Federal University of Rio de Janeiro (UFRJ), Brazil; University of Alcal\u00e1 (UAH), Spain<\/td><td>C-DEEPSO<\/td><td>\u200b18233<\/td><\/tr><tr><td>7<\/td><td>Yoan Mart\u00ednez L\u00f3pez, Miguel Bethencourt, Julio Madera Quintana, and Ansel Rodr\u00edguez Gonz\u00e1lez,<\/td><td>University Camag\u00fcey, Cuba; CICESE-UT3, M\u00e9xico.<\/td><td>VIEDA<\/td><td>\u200b18494<\/td><\/tr><tr><td>8<\/td><td>Xiang-Ling Chen and Wei-Neng Chen<\/td><td>South China University of Technology, China<\/td><td>PSO-KnnEDA<\/td><td>\u200b18543<\/td><\/tr><tr><td>9<\/td><td>Sergio Rivera and Pedro Julian Garcia<\/td><td>Universidade Nacional de Colombia (UNAL), Colombia<\/td><td>MDEEPSO<\/td><td>\u200b18545<\/td><\/tr><tr><td>10<\/td><td>Dr. Vasundhara Mahajan, Mr. Abhishek Saini, Mr. Shreyas More, and Mr. Suraj Hajari<\/td><td>Department of Electrical Engineering, Sardar Vallabhbhai National Institute of Technology, India<\/td><td>DE-TLBO<\/td><td>\u200b63365<\/td><\/tr><tr><td>11<\/td><td>Dr. Vasundhara Mahajan, Mr. Abhishek Saini, Mr. Shreyas More, and Mr. Suraj Hajari<\/td><td>Department of Electrical Engineering, Sardar Vallabhbhai National Institute of Technology, India<\/td><td>GA-PSO<\/td><td>\u200b81440<\/td><\/tr><tr><td>12<\/td><td>Dr. Vasundhara Mahajan, Mr. Abhishek Saini, Mr. Shreyas More, and Mr. Suraj Hajari<\/td><td>Department of Electrical Engineering, Sardar Vallabhbhai National Institute of Technology, India<\/td><td>ABC<\/td><td>\u200b87749<\/td><\/tr><tr><td>13<\/td><td>Gabriel Figueiredo Puerta, Enielma Cunha da Silva, Leonardo Henrique Faria Macedo Possagnolo, Norberto Abrante Martinez, John Fredy Franco Baquero, and Ruben Augusto Romero Lazaro<\/td><td>UNESP, LaPSEE, Brazil<\/td><td>PSO<\/td><td>\u200b173796<\/td><\/tr><tr><td>N\/A<\/td><td>Huwenhao, Wuyiling, Sunyue, and Chenzhen<\/td><td>University of Chinese Academy of Sciences (UCAS), China<\/td><td>Univariate Search<\/td><td>N\/A<\/td><\/tr><tr><td>N\/A<\/td><td>Wuyiling, Huwenhao, Sunyue, and Chenzhen<\/td><td>Nankai University, China<\/td><td>DRLR_DE<\/td><td>N\/A<\/td><\/tr><\/tbody><\/table><\/figure>\n\n\n\n<p><strong><strong>IEEE CIS PRIZE: <\/strong><\/strong>500$ IEEE Computational Intelligence Society (CIS) prize for the first ranked contestant. Good luck and stay tuned. Thanks! <\/p>\n\n\n\n<hr class=\"wp-block-separator has-css-opacity\"\/>\n\n\n\n<h2 class=\"wp-block-heading\">Competition Outline<\/h2>\n\n\n\n<p>Following the success of the previous editions at IEEE PES; CEC; GECCO, WCCI, we are launching another challenging edition of the competition at major conferences in the field of computational intelligence. This edition of the WCCI\/GECCO 2022 competition proposes one track in the energy domain:<\/p>\n\n\n\n<p>Track 1) Risk-based optimization of aggregators\u2019 day-ahead energy resource management (ERM) considering uncertainty associated with the high penetration of distributed energy resources (DER). This testbed is constructed under the same framework of past competitions (therefore, former competitors can adapt their algorithms to this new track), representing a centralized day-ahead ERM in a smart grid with a 13-bus distribution network using a 15-scenario case study with 3 scenarios considering extreme events (high impact, and low probability). A conditional value-at-risk (CVaR) mechanism is used to measure the risk associated with the extreme events for a confidence level (\u03b1) of 95%. We also add some restrictions to the initialization of the initial solution and the allowed repairs and tweak heuristics.<\/p>\n\n\n\n<p>Note: The track is developed to run under the same framework of the past competitions.<\/p>\n\n\n\n<hr class=\"wp-block-separator has-css-opacity\"\/>\n\n\n\n<h2 class=\"wp-block-heading\"> Competition goals<\/h2>\n\n\n\n<hr class=\"wp-block-separator has-css-opacity\"\/>\n\n\n\n<p>The WCCI\/GECCO 2022 competition on \u201cEvolutionary Computation in the Energy Domain: Risk-based Energy Scheduling\u201d has the purpose of bringing together and testing the more advanced Computational Intelligence (CI) techniques applied to energy domain problems, namely the risk-based optimal day-ahead ERM considering the uncertainty associated with high penetration of DER. The competition provides a coherent framework where participants and practitioners of CI can test their algorithms to solve a real-world optimization problem in the energy domain. The participants have the opportunity to evaluate if their algorithms can rank well in the proposed problem since we understand the validity of the \u201cno-free lunch theorem\u201d, making this contest a unique opportunity worth exploring the applicability of the developed approaches in a real-world problem beyond the typical benchmark and standardized CI problems.<\/p>\n\n\n\n<hr class=\"wp-block-separator has-css-opacity\"\/>\n\n\n\n<h2 class=\"wp-block-heading\" id=\"block-d25affa6-0f41-4f51-9f90-7468dbe1ba3a\">Rules<\/h2>\n\n\n\n<p id=\"block-fe8929ed-a2f8-4d66-9f9b-0d365c281a6d\">&#8211; Participants will propose and implement metaheuristic algorithms (e.g., evolutionary algorithms, swarm intelligence, estimation of distribution algorithm, etc.) to solve complex problems in the energy domain by offering two distinct tracks. <\/p>\n\n\n\n<p id=\"block-fe8929ed-a2f8-4d66-9f9b-0d365c281a6d\">&#8211; The organizers provide a framework, implemented in MATALAB\u00a9 2018a 64 bits <a rel=\"noreferrer noopener\" href=\"https:\/\/www.gecad.isep.ipp.pt\/ERM-competitions\/wp-content\/uploads\/2022\/03\/CompetitionPlatform2022_Platform.zip\" target=\"_blank\">(Download here)<\/a>, in which participants can easily test their algorithms (we also provide a differential evolution algorithm implementation as an example). The guidelines &nbsp;<a rel=\"noreferrer noopener\" href=\"https:\/\/www.gecad.isep.ipp.pt\/ERM-competitions\/wp-content\/uploads\/2021\/01\/CEC2021_GECCO_Guidelines.pdf\" data-type=\"URL\" data-id=\"https:\/\/www.gecad.isep.ipp.pt\/ERM-competitions\/wp-content\/uploads\/2021\/01\/CEC2021_GECCO_Guidelines.pdf\" target=\"_blank\">(<\/a><a href=\"https:\/\/www.gecad.isep.ipp.pt\/ERM-competitions\/wp-content\/uploads\/2022\/04\/WCCI_GECCO_Guidelines_2022_v2_April.pdf\" data-type=\"URL\" target=\"_blank\" rel=\"noreferrer noopener\">Download <\/a><a rel=\"noreferrer noopener\" href=\"https:\/\/www.gecad.isep.ipp.pt\/ERM-competitions\/wp-content\/uploads\/2022\/03\/WCCI_GECCO_Guidelines_2022_v2.pdf\" data-type=\"URL\" target=\"_blank\">here<\/a><a rel=\"noreferrer noopener\" href=\"https:\/\/www.gecad.isep.ipp.pt\/ERM-competitions\/wp-content\/uploads\/2022\/02\/WCCI_GECCO_Guidelines_2022_v1.pdf\" data-type=\"URL\" target=\"_blank\">)<\/a> include the necessary information to understand the problems, how the solutions are represented, and how the fitness function is evaluated. Those elements are common for all participants.<\/p>\n\n\n\n<p id=\"block-fd960dfb-e3b1-44b5-ae28-322f22583cc9\">&#8211; Since the proposed algorithms might have distinct sizes of population and run for a variable number of iterations, a maximum number of \u201c5,000 function evaluations\u201d is allowed for track 1. The convergence properties of the algorithms are not a criterion to be qualified in this competition.<\/p>\n\n\n\n<p class=\"has-text-color\" id=\"block-6f545a47-8adc-4649-9ac0-f45402ce9a3f\" style=\"color:#ff0004\">&#8211; The initial solutions should be initialized randomly between the upper and lower bounds of the variables. However, one solution can be initialized with the variable&#8217;s lower bounds since we found it can significantly help to find a better solution in this problem. Heuristics and special tweaks for initial solutions are not accepted.<\/p>\n\n\n\n<p id=\"block-c5bb7e23-16a0-4942-bc72-e87c545225d1\">&#8211; 20 independent trials should be performed in the framework by each participant.<br><\/p>\n\n\n\n<hr class=\"wp-block-separator has-css-opacity\"\/>\n\n\n\n<h2 class=\"wp-block-heading\" id=\"block-20090899-3b9c-4737-8c78-aa67b5405ff9\">How to submit an entry<\/h2>\n\n\n\n<p>&#8211;<strong>The winner will be the participant with the minimum ranking index<\/strong>, which is calculated as the average value over the 20 trials of the expected fitness value plus.<\/p>\n\n\n\n<p>&#8211; Each participant is kindly requested to put the text files corresponding to final results (see guideline document), as well as the implementation files (codes), obtained by using a specific optimizer, into a .zip named: WCCI2022_trackX_<em>AlgorithmName<\/em>_<em>ParticipantName<\/em>.zip (e.g. WCCI2022_track2_<em>DE<\/em>_<em>JoaoSoares<\/em>.zip).<\/p>\n\n\n\n<hr class=\"wp-block-separator has-css-opacity\"\/>\n\n\n\n<h2 class=\"wp-block-heading\" id=\"block-5ed05af8-ac84-4aeb-a0bd-6ef8067d343f\">Important Remarks<\/h2>\n\n\n\n<p id=\"block-e639f479-c691-49a1-b4b3-02de50cf4524\">&#8211; Notice that submission of papers or assistance to WCCI and GECCO by competition participants is not mandatory.<\/p>\n\n\n\n<p id=\"block-eb047023-c565-4175-bedc-c0ae085e9d9b\">&#8211; You can submit a paper to the special session on Evolutionary Algorithms for Complex Optimization in the Energy Domain (WCCI SS-20). <a href=\"https:\/\/cmt3.research.microsoft.com\/User\/Login?ReturnUrl=%2FIEEEWCCI2022%2F\" data-type=\"URL\">Submit it here<\/a> &#8211; select SS-20 as the primary subject area.<\/p>\n\n\n\n<p id=\"block-eb047023-c565-4175-bedc-c0ae085e9d9b\">&#8211; You are also welcome to submit short descriptions of your algorithms and results as 2-page papers to be included in the GECCO Companion. This is voluntary \u2014 The submission deadline is<strong> April 11, 2022<\/strong>. <a href=\"https:\/\/ssl.linklings.net\/conferences\/gecco\/\" data-type=\"URL\">Submit it here<\/a> (<strong>Competition Entry&nbsp;Submissions<\/strong>)<\/p>\n\n\n\n<p class=\"has-very-dark-gray-color has-luminous-vivid-amber-background-color has-text-color has-background\">Submit your results by<strong> June 30<\/strong> <strong>2022<\/strong> (anywhere on earth)<\/p>\n\n\n\n<p><\/p>\n\n\n\n<hr class=\"wp-block-separator has-css-opacity\"\/>\n\n\n\n<h3 class=\"wp-block-heading\" id=\"block-7882a3e0-c158-4ff5-86de-35aeb1121725\">Further related bibliography<\/h3>\n\n\n\n<ul class=\"wp-block-list\" id=\"block-47c9909f-3270-457c-8fe4-3871630bec19\">\n<li>[1] F., Lezama, J. Soares, Z. Vale, J. Rueda, S. Rivera, &amp; I. Elrich, 2017 IEEE competition on modern heuristic optimizers for smart grid operation: Testbeds and results.&nbsp;Swarm and evolutionary computation,&nbsp;<em>44<\/em>, 420-427, 2019<\/li>\n\n\n\n<li>[2] F. Lezama, J. Soares, P. Hernandez-Leal, M. Kaisers, T. Pinto, and Z. Vale, Local Energy Markets: Paving the Path Towards Fully Transactive Energy Systems, IEEE Transaction on Power Systems, IEEE (2018).<\/li>\n\n\n\n<li>[3] Joao Soares, Bruno Canizes, M. A. Fotouhi Gazvhini, Zita Vale, and G. K. Venayagamoorthy, \u201cTwo-stage Stochastic Model using Benders\u2019 Decomposition for Large-scale Energy Resources Management in Smart grids,\u201d IEEE Transactions on Industry Applications, 2017.<\/li>\n\n\n\n<li>[4] F. Lezama, J. Soares, E. Munoz de Cote, L. E. Sucar, and Z. Vale, \u201cDifferential Evolution Strategies for Large-Scale Energy Resource Management in Smart Grids,\u201d in GECCO \u201917: Genetic and Evolutionary Computation Conference Companion Proceedings, 2017.&nbsp;<\/li>\n\n\n\n<li>[5] Joao Soares, Mohammad Ali Fotouhi Ghazvini, Marco Silva, Zita Vale, &#8220;Multi-dimensional signaling method for population-based metaheuristics: Solving the large-scale scheduling problem in smart grids&#8221;, Swarm and Evolutionary Computation, 2016.<\/li>\n\n\n\n<li>[6] Joao Soares, Hugo Morais, Tiago Sousa, Zita Vale, Pedro Faria, &#8220;Day-ahead resource scheduling including demand response for electric vehicles&#8221;, IEEE Transactions on Smart Grid 4 (1), 596-605, 2013.<\/li>\n\n\n\n<li>[7] F. Lezama, J. Soares, B. Canizes, Z. Vale, Z., Flexibility management model of home appliances to support DSO requests in smart grids. Sustainable Cities and Society, 55, 102048, 2020.<\/li>\n<\/ul>\n\n\n\n<hr class=\"wp-block-separator has-css-opacity\"\/>\n\n\n\n<h2 class=\"wp-block-heading\" id=\"block-b600b680-f271-4515-bd73-8762d28fba09\">Organizers<\/h2>\n\n\n\n<div class=\"wp-block-columns is-layout-flex wp-container-core-columns-is-layout-9d6595d7 wp-block-columns-is-layout-flex\">\n<div class=\"wp-block-column is-layout-flow wp-block-column-is-layout-flow\"><div class=\"wp-block-image is-style-rounded\">\n<figure class=\"aligncenter size-large is-resized\"><img loading=\"lazy\" decoding=\"async\" src=\"https:\/\/www.gecad.isep.ipp.pt\/ERM-competitions\/wp-content\/uploads\/2020\/11\/JS.jpg\" alt=\"\" class=\"wp-image-434\" width=\"172\" height=\"172\"\/><figcaption class=\"wp-element-caption\"><a href=\"https:\/\/www.researchgate.net\/profile\/Joao_Soares5\">Jo\u00e3o Soares <\/a><br><a href=\"https:\/\/www.researchgate.net\/profile\/Joao_Soares5\">Polytechnic of Porto <\/a><br><a href=\"https:\/\/www.researchgate.net\/profile\/Joao_Soares5\">jan@isep.ipp.pt<\/a><\/figcaption><\/figure>\n<\/div><\/div>\n\n\n\n<div class=\"wp-block-column is-layout-flow wp-block-column-is-layout-flow\"><div class=\"wp-block-image is-style-rounded\">\n<figure class=\"aligncenter size-large is-resized\"><img loading=\"lazy\" decoding=\"async\" src=\"https:\/\/www.gecad.isep.ipp.pt\/ERM-competitions\/wp-content\/uploads\/2019\/12\/Fernando.jpg\" alt=\"\" class=\"wp-image-144\" width=\"170\" height=\"170\"\/><figcaption class=\"wp-element-caption\"><a href=\"https:\/\/www.researchgate.net\/profile\/Fernando_Lezama2\">Fernando Lezama <\/a><br><a href=\"https:\/\/www.researchgate.net\/profile\/Fernando_Lezama2\">Polytechnic of Porto <\/a><br><a href=\"https:\/\/www.researchgate.net\/profile\/Fernando_Lezama2\">flz@isep.ipp.pt<\/a><\/figcaption><\/figure>\n<\/div><\/div>\n\n\n\n<div class=\"wp-block-column is-layout-flow wp-block-column-is-layout-flow\">\n<figure class=\"wp-block-image size-large is-style-rounded\"><img loading=\"lazy\" decoding=\"async\" width=\"566\" height=\"439\" src=\"https:\/\/www.gecad.isep.ipp.pt\/ERM-competitions\/wp-content\/uploads\/2022\/01\/photo.png\" alt=\"\" class=\"wp-image-669\"\/><figcaption class=\"wp-element-caption\"><a href=\"https:\/\/www.researchgate.net\/profile\/Jose-Almeida-45\">Jos\u00e9 Almeida<br>Polytechnic of Porto<br>jorga@isep.ipp.pt<\/a><\/figcaption><\/figure>\n\n\n\n<p><\/p>\n<\/div>\n\n\n\n<div class=\"wp-block-column is-layout-flow wp-block-column-is-layout-flow\"><div class=\"wp-block-image is-style-rounded\">\n<figure class=\"aligncenter size-large is-resized\"><img loading=\"lazy\" decoding=\"async\" src=\"https:\/\/www.gecad.isep.ipp.pt\/ERM-competitions\/wp-content\/uploads\/2019\/12\/BC_IMAGE-1.jpg\" alt=\"\" class=\"wp-image-280\" width=\"170\" height=\"170\"\/><figcaption class=\"wp-element-caption\"><a href=\"https:\/\/www.researchgate.net\/profile\/Bruno_Canizes\">Bruno Canizes <\/a><br><a href=\"https:\/\/www.researchgate.net\/profile\/Bruno_Canizes\">Polytechnic of Porto <\/a><br><a href=\"https:\/\/www.researchgate.net\/profile\/Bruno_Canizes\">brm@isep.ipp.pt<\/a><\/figcaption><\/figure>\n<\/div>\n\n\n<p><\/p>\n<\/div>\n\n\n\n<div class=\"wp-block-column is-layout-flow wp-block-column-is-layout-flow\">\n<figure class=\"wp-block-image size-large is-resized is-style-rounded\"><img loading=\"lazy\" decoding=\"async\" src=\"https:\/\/www.gecad.isep.ipp.pt\/ERM-competitions\/wp-content\/uploads\/2019\/12\/Zita-3.jpg\" alt=\"Zita Vale\" class=\"wp-image-152\" width=\"170\" height=\"170\"\/><figcaption class=\"wp-element-caption\"><a href=\"https:\/\/www.researchgate.net\/profile\/Zita_Vale\">Zita Vale<\/a><br><a href=\"https:\/\/www.researchgate.net\/profile\/Zita_Vale\">Polytechnic of Porto<\/a><br><a href=\"https:\/\/www.researchgate.net\/profile\/Zita_Vale\">zav@isep.ipp.pt<\/a><\/figcaption><\/figure>\n<\/div>\n<\/div>\n\n\n\n<div class=\"wp-block-columns is-layout-flex wp-container-core-columns-is-layout-9d6595d7 wp-block-columns-is-layout-flex\">\n<div class=\"wp-block-column is-layout-flow wp-block-column-is-layout-flow\"><\/div>\n<\/div>\n\n\n\n<hr class=\"wp-block-separator has-css-opacity\"\/>\n\n\n<div class=\"wp-block-image is-style-default\">\n<figure class=\"aligncenter size-large\" id=\"block-54f18380-5a5d-47ef-87e6-8e7f85ff0cc2\"><img loading=\"lazy\" decoding=\"async\" width=\"955\" height=\"141\" src=\"https:\/\/www.gecad.isep.ipp.pt\/ERM-competitions\/wp-content\/uploads\/2021\/03\/banner_competition_bottom.png\" alt=\"Logos 2021\" class=\"wp-image-520\"\/><\/figure>\n<\/div>\n\n\n<ul class=\"wp-block-list\" id=\"block-76653608-5c8e-48b5-91ec-5f9527153dc1\">\n<li><a rel=\"noreferrer noopener\" href=\"http:\/\/ci4energy.uni-paderborn.de\/\" target=\"_blank\"><strong>Activity of IEEE CIS Task Force 3 on Computational Intelligence in the Energy Domain<\/strong><\/a><\/li>\n\n\n\n<li><a rel=\"noreferrer noopener\" href=\"http:\/\/sites.ieee.org\/pes-iss\/\" target=\"_blank\"><strong>Intelligent Systems Subcommittee (ISS), part of IEEE PES TC Analytic Methods for Power Systems (AMPS)<\/strong><\/a><\/li>\n\n\n\n<li><strong>Tentative support of <a href=\"https:\/\/cis.ieee.org\" data-type=\"URL\">IEEE CIS<\/a> (prize) and <a href=\"https:\/\/site.ieee.org\/psace-mho\/\">IEEE PES (WG on MHO)<\/a><\/strong><\/li>\n<\/ul>\n\n\n\n<p><\/p>\n","protected":false},"excerpt":{"rendered":"<p>GECCO 2022 &amp; IEEE WCCI 2022 (Joint competition) 9-13 July &#8211; Boston, USA (GECCO 2022) | 18-23 July &#8211; Padua, Italy (WCCI 2022) Organized by Jo\u00e3o Soares, Fernando Lezama, Jos\u00e9 Almeida, Bruno Canizes, Zita Vale Final results have been published &#8211; 03 August 2022 Final Rank Results Final Rank Name Affiliation, Country Algorithm Rank Index&hellip; <br \/> <a class=\"read-more\" href=\"https:\/\/www.gecad.isep.ipp.pt\/ERM-competitions\/2022-2\/\">Read more<\/a><\/p>\n","protected":false},"author":1,"featured_media":1069,"parent":0,"menu_order":0,"comment_status":"closed","ping_status":"closed","template":"","meta":{"footnotes":""},"class_list":["post-652","page","type-page","status-publish","has-post-thumbnail","hentry"],"_links":{"self":[{"href":"https:\/\/www.gecad.isep.ipp.pt\/ERM-competitions\/wp-json\/wp\/v2\/pages\/652","targetHints":{"allow":["GET"]}}],"collection":[{"href":"https:\/\/www.gecad.isep.ipp.pt\/ERM-competitions\/wp-json\/wp\/v2\/pages"}],"about":[{"href":"https:\/\/www.gecad.isep.ipp.pt\/ERM-competitions\/wp-json\/wp\/v2\/types\/page"}],"author":[{"embeddable":true,"href":"https:\/\/www.gecad.isep.ipp.pt\/ERM-competitions\/wp-json\/wp\/v2\/users\/1"}],"replies":[{"embeddable":true,"href":"https:\/\/www.gecad.isep.ipp.pt\/ERM-competitions\/wp-json\/wp\/v2\/comments?post=652"}],"version-history":[{"count":43,"href":"https:\/\/www.gecad.isep.ipp.pt\/ERM-competitions\/wp-json\/wp\/v2\/pages\/652\/revisions"}],"predecessor-version":[{"id":1072,"href":"https:\/\/www.gecad.isep.ipp.pt\/ERM-competitions\/wp-json\/wp\/v2\/pages\/652\/revisions\/1072"}],"wp:featuredmedia":[{"embeddable":true,"href":"https:\/\/www.gecad.isep.ipp.pt\/ERM-competitions\/wp-json\/wp\/v2\/media\/1069"}],"wp:attachment":[{"href":"https:\/\/www.gecad.isep.ipp.pt\/ERM-competitions\/wp-json\/wp\/v2\/media?parent=652"}],"curies":[{"name":"wp","href":"https:\/\/api.w.org\/{rel}","templated":true}]}}