{"id":96,"date":"2019-10-02T15:01:40","date_gmt":"2019-10-02T15:01:40","guid":{"rendered":"http:\/\/www.gecad.isep.ipp.pt\/ERM-competitions\/?page_id=96"},"modified":"2023-12-14T10:36:34","modified_gmt":"2023-12-14T10:36:34","slug":"2020-2","status":"publish","type":"page","link":"https:\/\/www.gecad.isep.ipp.pt\/ERM-competitions\/2020-2\/","title":{"rendered":"Call for Competition on Evolutionary Computation in the Energy Domain: Smart Grid Applications"},"content":{"rendered":"\n<p><a href=\"https:\/\/wcci2020.org\/\">IEEE WORLD CONGRESS ON COMPUTATIONAL INTELLIGENCE (WCCI) 2020<\/a> <\/p>\n\n\n\n<p><a href=\"https:\/\/gecco-2020.sigevo.org\/index.html\/HomePage\">GECCO 2020 @ Cancun &#8211; GENETIC AND EVOLUTIONARY COMPUTATION CONFERENCE<\/a><\/p>\n\n\n\n<h4 class=\"wp-block-heading\">8th &#8211; 12th July 2020, Canc\u00fan (Mexico) &amp; 19th &#8211; 24th July 2020, Glasgow (UK)<\/h4>\n\n\n\n<p><strong>Organized<\/strong> by Joao Soares, Fernando Lezama, Bruno Canizes, Zita Vale<\/p>\n\n\n\n<h2 class=\"wp-block-heading\">Final Rank Results<\/h2>\n\n\n\n<figure class=\"wp-block-table\"><table><tbody><tr><td><strong>Final Rank<\/strong><\/td><td><strong>Name<\/strong><\/td><td><strong>Affiliation, Country<\/strong><\/td><td><strong>Algorithm<\/strong><\/td><td><strong>Final Rank<\/strong><\/td><\/tr><tr><td><strong><span class=\"has-inline-color has-luminous-vivid-amber-color\">1 <br>IEEE CIS Prize &#8211; 500 $<\/span><\/strong><\/td><td>Ansel Y. Rodriguez-Gonzalez,<br>Bryan Rodrigo Quiroz Palominos,<br>Carlos A. Oliva Moreno,<br>Yoan Martinez Lopez,<br>Julio Madera<\/td><td>CISECE-UT3,  Mexico; UC, Cuba; UCLV, Cuba<\/td><td>CUMDANCauchy++: a Cellular EDA<br><br><a href=\"https:\/\/www.gecad.isep.ipp.pt\/ERM-competitions\/wp-content\/uploads\/2020\/10\/1-CUMDANCauchy.pdf\" target=\"_blank\" rel=\"noreferrer noopener\">Presentation (link)<\/a><br><a href=\"https:\/\/www.gecad.isep.ipp.pt\/ERM-competitions\/wp-content\/uploads\/2020\/10\/8.AnseRodriguez.zip\" target=\"_blank\" rel=\"noreferrer noopener\">Algorithm (link)<\/a><\/td><td>5.48<\/td><\/tr><tr><td>2<\/td><td><br>Yoan Mart\u00ednez L\u00f3pez,&nbsp;<br>Julio Madera Quintana,<br>Alexis Moya,<br>Miguel B\u00e9thencourt,<br>Ansel Rodr\u00edguez Gonz\u00e1lez<\/td><td><br>UC, Cuba; UCLV, Cuba;<br>CICESE -UT3, Mexico<\/td><td>DEEDA<br><br><a href=\"https:\/\/www.gecad.isep.ipp.pt\/ERM-competitions\/wp-content\/uploads\/2020\/10\/2-DEEDA-presentation-Final.pdf\" target=\"_blank\" rel=\"noreferrer noopener\">Presentation (link)<br><\/a><a href=\"https:\/\/www.gecad.isep.ipp.pt\/ERM-competitions\/wp-content\/uploads\/2020\/10\/12.Yoan_.zip\" target=\"_blank\" rel=\"noreferrer noopener\">Algorithm (link)<\/a><\/td><td>5.41<\/td><\/tr><tr><td>3<\/td><td><br>Diego Rodriguez,<br>Julian Garcia,&nbsp;<br>David Alvarez,<br>Jose Gil,&nbsp;<br>Sergio Rivera,<\/td><td><br>UNAC &amp; EMGEA-ENEL, Colombia<\/td><td><br>Ensembled method of CBBO, Cauchy and DEEPSO algorithm<br><br><a rel=\"noreferrer noopener\" href=\"https:\/\/www.gecad.isep.ipp.pt\/ERM-competitions\/wp-content\/uploads\/2020\/10\/10.Rivera.zip\" target=\"_blank\">Algorithm (link)<\/a><\/td><td>5.34<\/td><\/tr><tr><td>4<\/td><td><br>Deunsol Yoon<\/td><td>KAIST, Korea<\/td><td><br>RDG3+DEEPSO<br><br><a href=\"https:\/\/www.gecad.isep.ipp.pt\/ERM-competitions\/wp-content\/uploads\/2020\/10\/4-DeunsolYoonKAIST-RDG3DEEPSO.pdf\" target=\"_blank\" rel=\"noreferrer noopener\">Presentation (link)<br><\/a><a rel=\"noreferrer noopener\" href=\"https:\/\/www.gecad.isep.ipp.pt\/ERM-competitions\/wp-content\/uploads\/2020\/10\/1.DeunsolYoon.zip\" target=\"_blank\">Algorithm (link)<\/a><\/td><td>5.00<\/td><\/tr><tr><td>5<\/td><td><br>Wenlei Bai<\/td><td><br>ABB Enterprise Software Inc., USA<\/td><td><br>HFEABC<br><br><a href=\"https:\/\/www.gecad.isep.ipp.pt\/ERM-competitions\/wp-content\/uploads\/2020\/10\/5-EABC_WenleiBai.pdf\" target=\"_blank\" rel=\"noreferrer noopener\">Presentation (link)<\/a><br><a rel=\"noreferrer noopener\" href=\"https:\/\/www.gecad.isep.ipp.pt\/ERM-competitions\/wp-content\/uploads\/2020\/10\/3.WenleiBai.zip\" target=\"_blank\">Algorithm (link)<\/a><\/td><td>4.54<\/td><\/tr><tr><td>6<\/td><td><br>Edgar Morquecho (Electrical Engineer);<br>Santiago Torres (PhD);<br>Nelson Matute (Electrical Engineer);<br>Fabian Astudillo (PhD);<br>Julio Lopez (PhD)<\/td><td><br>Faculty of Engineering, University of Cuenca<\/td><td>DE-TLBO<br><br><a rel=\"noreferrer noopener\" href=\"https:\/\/www.gecad.isep.ipp.pt\/ERM-competitions\/wp-content\/uploads\/2020\/10\/4.SantiagoTorres.zip\" target=\"_blank\">Algorithm (link)<\/a><\/td><td>3.97<\/td><\/tr><tr><td>7<\/td><td><br>Dharmesh A. Dabhi,&nbsp;<br>Kartik S. Pandya<\/td><td><br>Charusat University, India<\/td><td><br>EHL_PS_VNSO<br><br><a href=\"https:\/\/www.gecad.isep.ipp.pt\/ERM-competitions\/wp-content\/uploads\/2020\/10\/7-WCCI2020_EHL_PS_VNSO_Dharmesh_Kartik.pdf\" target=\"_blank\" rel=\"noreferrer noopener\">Presentation (link)<\/a><br><a href=\"https:\/\/www.gecad.isep.ipp.pt\/ERM-competitions\/wp-content\/uploads\/2020\/10\/6.Haoyang-Zhang.zip\" target=\"_blank\" rel=\"noreferrer noopener\">Algorithm (link)<\/a><\/td><td>3.93<\/td><\/tr><tr><td><span class=\"has-inline-color has-luminous-vivid-amber-color\"><strong>8<br><\/strong>Best Algorithm in Testbed 2<\/span><\/td><td><br>Kartik S. Pandya;<br>Dharmesh A. Dabhi&nbsp;<\/td><td><br>Charusat University, India<\/td><td><br>CE-CMAES<br><br><br><a rel=\"noreferrer noopener\" href=\"https:\/\/www.gecad.isep.ipp.pt\/ERM-competitions\/wp-content\/uploads\/2020\/10\/8-WCCI2020_CE_CMAES_Kartik_Dharmesh.pdf\" target=\"_blank\">Presentation  (link)<\/a><br><a rel=\"noreferrer noopener\" href=\"https:\/\/www.gecad.isep.ipp.pt\/ERM-competitions\/wp-content\/uploads\/2020\/10\/2.KartikPandya.zip\" target=\"_blank\">Algorithm (link)<\/a><\/td><td>3.92<\/td><\/tr><tr><td>9<\/td><td><br>HaoYang Zhang<\/td><td><br>China Southern Power Grid, China<\/td><td><br>GASAPSO<br><br><a rel=\"noreferrer noopener\" href=\"https:\/\/www.gecad.isep.ipp.pt\/ERM-competitions\/wp-content\/uploads\/2020\/10\/6.Haoyang-Zhang.zip\" target=\"_blank\">Algorithm (link)<\/a><\/td><td>3.90<\/td><\/tr><tr><td>10<\/td><td><br>Ricardo Faia<\/td><td><br>University of Salamanca, Spain<\/td><td><br>PSO GBP<br><br><a rel=\"noreferrer noopener\" href=\"https:\/\/www.gecad.isep.ipp.pt\/ERM-competitions\/wp-content\/uploads\/2020\/10\/5.Faia_.zip\" target=\"_blank\">Algorithm (link)<\/a><\/td><td>2.92<\/td><\/tr><tr><td>11<\/td><td><br>Fabricio Loor<\/td><td><br>National University of San Luis, Argentina<\/td><td><br>AJSO<br><br><a rel=\"noreferrer noopener\" href=\"https:\/\/www.gecad.isep.ipp.pt\/ERM-competitions\/wp-content\/uploads\/2020\/10\/7.FabricioLoor.zip\" target=\"_blank\">Algorithm (link)<\/a><\/td><td>2.91<\/td><\/tr><tr><td>12<\/td><td><br>Pedro Julian Garcia,&nbsp;<br>Arturo Bretas,&nbsp;<br>Sergio Rivera,<\/td><td><br>UNAC, Colombia; University of Florida, USA<\/td><td>VNS and DEEPSO<br><br><a rel=\"noreferrer noopener\" href=\"https:\/\/www.gecad.isep.ipp.pt\/ERM-competitions\/wp-content\/uploads\/2020\/10\/11.Pedro_.zip\" target=\"_blank\">Algorithm (link)<\/a><\/td><td>N\/A<\/td><\/tr><\/tbody><\/table><\/figure>\n\n\n\n<h2 class=\"wp-block-heading\">UPDATES<\/h2>\n\n\n\n<p class=\"has-vivid-red-color has-text-color\"><strong>COVID-19:<\/strong> Given the COVID-19 situation, both conferences have been converted into a fully exciting virtual conference. Conferences will still happen but virtually and the competition will continue as planned.<\/p>\n\n\n\n<p><strong>IEEE CIS PRIZE: <\/strong>We are very glad that the IEEE Computational Intelligence Society (CIS) decided to sponsor this competition by providing a 500 $ prize to the participant that performs better in our rank. Stay tuned. Thanks, IEEE CIS!<\/p>\n\n\n\n<hr class=\"wp-block-separator has-css-opacity\"\/>\n\n\n\n<h2 class=\"wp-block-heading\">Competition Outline<\/h2>\n\n\n\n<p>Following the success of the previous editions at WCCI 2018 (Rio de Janeiro, Brazil) and CEC\/GECCO 2019 (New Zealand and Prague, Czechia) we are launching a more challenging algorithm competition at major international conferences in the field of computational intelligence. This WCCI &amp; GECCO 2020 competition proposes two testbeds in the energy domain:<\/p>\n\n\n\n<p>Testbed 1) optimization of a centralized day-ahead energy resource management problem in smart grids under environments with uncertainty. This testbed is similar to the past challenge using a challenging 500-scenario case study with a high degree of uncertainty. We also add some restrictions to the initialization of the initial solution and the allowed repairs and tweak-heuristics.<\/p>\n\n\n\n<p>Testbed 2) bi-level optimization of end-users\u2019 bidding strategies in local energy markets (LM). This test bed is constructed under the same framework of the past competitions (therefore, former competitors can adapt their algorithms to this new testbed), representing a complex bi-level problem in which competitive agents in the upper-level try to maximize their profits, modifying and depending on the price determined in the lower-level problem (i.e., the clearing price in the LM), thus resulting in a strong interdependence of their decisions.<\/p>\n\n\n\n<p>Check former competitions in <a href=\"http:\/\/www.gecad.isep.ipp.pt\/WCCI2018-SG-COMPETITION\/\">http:\/\/www.gecad.isep.ipp.pt\/WCCI2018-SG-COMPETITION\/<\/a> and <a href=\"http:\/\/www.gecad.isep.ipp.pt\/ERM2019-Competition\">http:\/\/www.gecad.isep.ipp.pt\/ERM2019-Competition<\/a> <\/p>\n\n\n\n<hr class=\"wp-block-separator has-css-opacity\"\/>\n\n\n\n<h2 class=\"wp-block-heading\"> Competition goals <\/h2>\n\n\n\n<p>The WCCI &amp; GECCO 2020 competition on \u201cEvolutionary Computation in the Energy Domain: Smart Grid Applications\u201d has the purpose of bringing together and testing state-ot-the-art Computational Intelligence (CI) techniques applied to energy domain problems, namely the energy resource management problem under uncertain environments and the optimal bidding of energy aggregators in local markets. The competition provides a coherent framework where participants and practitioners of CI can test their algorithms to solve two real-world optimization problems in the energy domain. The participants have the opportunity to evaluate if their algorithms can rank well in both problems since we understand the validity of the \u201cno-free lunch theorem\u201d, making this contest a unique opportunity worth to explore the applicability of the developed approaches in real-world problems beyond the typical benchmark and standardized CI problems.<\/p>\n\n\n\n<hr class=\"wp-block-separator has-css-opacity\"\/>\n\n\n\n<h2 class=\"wp-block-heading\"> Rules <\/h2>\n\n\n\n<p>-Participants will propose and implement metaheuristic algorithms (e.g., evolutionary algorithms, swarm intelligence, estimation of distribution algorithm, etc.) to solve two testbeds problems in the energy domain.-The organizers provide a framework, implemented in MATALAB\u00a9 2014b 64 bits <a rel=\"noreferrer noopener\" aria-label=\" (opens in a new tab)\" href=\"https:\/\/www.dropbox.com\/s\/2pujnf4bex6argd\/CompetitionFramework_WCCI_GECCO.zip?dl=0\" target=\"_blank\">(Download here)<\/a>, in which participants can easily test their algorithms (we also provide a differential evolution algorithm implementation as an example). The guidelines &nbsp;<a href=\"https:\/\/www.gecad.isep.ipp.pt\/ERM-competitions\/wp-content\/uploads\/2019\/12\/WCCI2020_Guidelines.pdf\" target=\"_blank\" rel=\"noreferrer noopener\" aria-label=\" (opens in a new tab)\">(Download here)<\/a> include the necessary information to understand the problems, how the solutions are represented, and how the fitness function is evaluated. Those elements are common for all participants.<\/p>\n\n\n\n<p>-Since the proposed algorithms might have distinct sizes of population and run for a variable number of iterations, a maximum number of \u201c50000 function evaluations\u201d is allowed in each trial for all participants. The convergence properties of the algorithms are not a criterion to be qualified in this competition.<\/p>\n\n\n\n<p>&#8211; Only random seed initial solutions are allowed in this competition. Heuristics and special tweaks for initial solutions are not accepted.<\/p>\n\n\n\n<p>-20 independent trials should be performed in\nthe framework by each participant.<br><\/p>\n\n\n\n<hr class=\"wp-block-separator has-css-opacity\"\/>\n\n\n\n<h2 class=\"wp-block-heading\"> How to submit an entry <\/h2>\n\n\n\n<p>-The winner will be the participant with the\nminimum ranking index in both testbeds, which is calculated as the average\nvalue over the 20 trials of the expected fitness value plus the standard\ndeviation. Considering the framework is the same for both testbeds, algorithms\nshould be able to run in both problems.<\/p>\n\n\n\n<p>&#8211;\nEach participant is kindly requested to put the text files corresponding to\nfinal results (see guideline document), as well as the implementation files\n(codes), obtained by using a specific optimizer, into a zipped folder named <\/p>\n\n\n\n<p>WCCI2020_testbedX_<em>AlgorithmName<\/em>_<em>ParticipantName<\/em>.zip (e.g. <em>WCCI2020<\/em>_testbed2_<em>DE<\/em>_<em>Lezama<\/em>.zip).<\/p>\n\n\n\n<hr class=\"wp-block-separator has-css-opacity\"\/>\n\n\n\n<h2 class=\"wp-block-heading\">Important Remarks <\/h2>\n\n\n\n<p>&#8211; <strong>Notice that submission of papers or assistance to CEC or GECCO by competition participants is not mandatory.<\/strong><\/p>\n\n\n\n<p>&#8211; You can submit a paper to the special session on Evolutionary Algorithms for Complex Optimization in the Energy Domain (CEC-26).<\/p>\n\n\n\n<p class=\"has-very-dark-gray-color has-luminous-vivid-amber-background-color has-text-color has-background\">Submit your results by<strong> May 31, 29:59 (GMT)<\/strong><\/p>\n\n\n\n<hr class=\"wp-block-separator has-css-opacity\"\/>\n\n\n\n<h3 class=\"wp-block-heading\">Further related bibliography <\/h3>\n\n\n\n<ul class=\"wp-block-list\">\n<li>[1] F., Lezama, J. Soares, Z. Vale, J. Rueda, S. Rivera, &amp; I. Elrich, 2017 IEEE competition on modern heuristic optimizers for smart grid operation: Testbeds and results.&nbsp;Swarm and evolutionary computation,&nbsp;<em>44<\/em>, 420-427, 2019<\/li>\n\n\n\n<li>[2] F. Lezama, J. Soares, P. Hernandez-Leal, M. Kaisers, T. Pinto, and Z. Vale, Local Energy Markets: Paving the Path Towards Fully Transactive Energy Systems, IEEE Transaction on Power Systems, IEEE (2018).<\/li>\n\n\n\n<li>[3] Joao Soares, Bruno Canizes, M. A. Fotouhi Gazvhini, Zita Vale, and G. K. Venayagamoorthy, \u201cTwo-stage Stochastic Model using Benders\u2019 Decomposition for Large-scale Energy Resources Management in Smart grids,\u201d IEEE Transactions on Industry Applications, 2017.<\/li>\n\n\n\n<li>[4] F. Lezama, J. Soares, E. Munoz de Cote, L. E. Sucar, and Z. Vale, \u201cDifferential Evolution Strategies for Large-Scale Energy Resource Management in Smart Grids,\u201d in GECCO \u201917: Genetic and Evolutionary Computation Conference Companion Proceedings, 2017.&nbsp;<\/li>\n\n\n\n<li>[5] Jo\u00e3o Soares, Mohammad Ali Fotouhi Ghazvini, Marco Silva, Zita Vale, Multi-dimensional signaling method for population-based metaheuristics: Solving the large-scale scheduling problem in smart grids, Swarm and Evolutionary Computation, 2016.<\/li>\n\n\n\n<li>[6] Joao Soares, Hugo Morais, Tiago Sousa, Zita Vale, Pedro Faria, Day-ahead resource scheduling including demand response for electric vehicles, IEEE Transactions on Smart Grid 4 (1), 596-605, 2013.<\/li>\n<\/ul>\n\n\n\n<hr class=\"wp-block-separator has-css-opacity\"\/>\n\n\n\n<h2 class=\"wp-block-heading\">Organizers<\/h2>\n\n\n\n<figure class=\"wp-block-gallery aligncenter has-nested-images columns-4 is-cropped wp-block-gallery-1 is-layout-flex wp-block-gallery-is-layout-flex\">\n<figure class=\"wp-block-image size-large\"><img loading=\"lazy\" decoding=\"async\" width=\"478\" height=\"501\" data-id=\"142\" src=\"https:\/\/www.gecad.isep.ipp.pt\/ERM-competitions\/wp-content\/uploads\/2019\/12\/Joao.jpeg\" alt=\"\" class=\"wp-image-142\" srcset=\"https:\/\/www.gecad.isep.ipp.pt\/ERM-competitions\/wp-content\/uploads\/2019\/12\/Joao.jpeg 478w, https:\/\/www.gecad.isep.ipp.pt\/ERM-competitions\/wp-content\/uploads\/2019\/12\/Joao-286x300.jpeg 286w\" sizes=\"auto, (max-width: 478px) 100vw, 478px\" \/><\/figure>\n\n\n\n<figure class=\"wp-block-image size-large\"><img loading=\"lazy\" decoding=\"async\" width=\"321\" height=\"446\" data-id=\"145\" src=\"https:\/\/www.gecad.isep.ipp.pt\/ERM-competitions\/wp-content\/uploads\/2019\/12\/Fernando-1.jpg\" alt=\"\" class=\"wp-image-145\" srcset=\"https:\/\/www.gecad.isep.ipp.pt\/ERM-competitions\/wp-content\/uploads\/2019\/12\/Fernando-1.jpg 321w, https:\/\/www.gecad.isep.ipp.pt\/ERM-competitions\/wp-content\/uploads\/2019\/12\/Fernando-1-216x300.jpg 216w\" sizes=\"auto, (max-width: 321px) 100vw, 321px\" \/><\/figure>\n\n\n\n<figure class=\"wp-block-image size-large\"><img loading=\"lazy\" decoding=\"async\" width=\"134\" height=\"165\" data-id=\"152\" src=\"https:\/\/www.gecad.isep.ipp.pt\/ERM-competitions\/wp-content\/uploads\/2019\/12\/Zita-3.jpg\" alt=\"Zita Vale\" class=\"wp-image-152\"\/><figcaption class=\"wp-element-caption\">Zita Vale\n\nPolytechnic of Porto, PT\n\nzav@isep.ipp.pt<\/figcaption><\/figure>\n\n\n\n<figure class=\"wp-block-image size-large\"><img loading=\"lazy\" decoding=\"async\" width=\"378\" height=\"366\" data-id=\"280\" src=\"https:\/\/www.gecad.isep.ipp.pt\/ERM-competitions\/wp-content\/uploads\/2019\/12\/BC_IMAGE-1.jpg\" alt=\"\" class=\"wp-image-280\" srcset=\"https:\/\/www.gecad.isep.ipp.pt\/ERM-competitions\/wp-content\/uploads\/2019\/12\/BC_IMAGE-1.jpg 378w, https:\/\/www.gecad.isep.ipp.pt\/ERM-competitions\/wp-content\/uploads\/2019\/12\/BC_IMAGE-1-300x290.jpg 300w\" sizes=\"auto, (max-width: 378px) 100vw, 378px\" \/><\/figure>\n<\/figure>\n\n\n\n<div class=\"wp-block-columns has-4-columns is-layout-flex wp-container-core-columns-is-layout-9d6595d7 wp-block-columns-is-layout-flex\">\n<div class=\"wp-block-column is-layout-flow wp-block-column-is-layout-flow\">\n<p class=\"has-text-align-center has-small-font-size\"><a href=\"https:\/\/www.researchgate.net\/profile\/Joao_Soares5\">Jo\u00e3o Soares Polytechnic of Porto jan@isep.ipp.pt<\/a><\/p>\n<\/div>\n\n\n\n<div class=\"wp-block-column is-layout-flow wp-block-column-is-layout-flow\">\n<p class=\"has-text-align-center has-small-font-size\"><a href=\"https:\/\/www.researchgate.net\/profile\/Fernando_Lezama2\">Fernando Lezama Polytechnic of Porto flz@isep.ipp.pt<\/a><\/p>\n<\/div>\n\n\n\n<div class=\"wp-block-column is-layout-flow wp-block-column-is-layout-flow\">\n<p class=\"has-text-align-center has-small-font-size\"><a href=\"https:\/\/www.researchgate.net\/profile\/Zita_Vale\">Zita Vale &#8211; Polytechnic of Porto zav@isep.ipp.pt<\/a><\/p>\n\n\n\n<p><\/p>\n<\/div>\n\n\n\n<div class=\"wp-block-column is-layout-flow wp-block-column-is-layout-flow\">\n<p class=\"has-text-align-center has-small-font-size\"><a href=\"https:\/\/www.researchgate.net\/profile\/Bruno_Canizes\">Bruno Canizes Polytechnic of Porto brm@isep.ipp.pt<\/a><\/p>\n<\/div>\n<\/div>\n\n\n\n<div class=\"wp-block-columns has-2-columns is-layout-flex wp-container-core-columns-is-layout-9d6595d7 wp-block-columns-is-layout-flex\">\n<div class=\"wp-block-column is-layout-flow wp-block-column-is-layout-flow\">\n<p><\/p>\n<\/div>\n\n\n\n<div class=\"wp-block-column is-layout-flow wp-block-column-is-layout-flow\"><\/div>\n<\/div>\n\n\n\n<hr class=\"wp-block-separator has-css-opacity\"\/>\n\n\n<div class=\"wp-block-image\">\n<figure class=\"aligncenter\"><img loading=\"lazy\" decoding=\"async\" width=\"677\" height=\"146\" src=\"https:\/\/www.gecad.isep.ipp.pt\/ERM-competitions\/wp-content\/uploads\/2019\/12\/Logos.png\" alt=\"\" class=\"wp-image-157\" srcset=\"https:\/\/www.gecad.isep.ipp.pt\/ERM-competitions\/wp-content\/uploads\/2019\/12\/Logos.png 677w, https:\/\/www.gecad.isep.ipp.pt\/ERM-competitions\/wp-content\/uploads\/2019\/12\/Logos-300x65.png 300w\" sizes=\"auto, (max-width: 677px) 100vw, 677px\" \/><\/figure>\n<\/div>\n\n\n<ul class=\"wp-block-list\">\n<li><a rel=\"noreferrer noopener\" href=\"http:\/\/ci4energy.uni-paderborn.de\/\" target=\"_blank\"><strong>Activity of IEEE CIS Task Force 3 on Computational Intelligence in the Energy Domain<\/strong><\/a><\/li>\n\n\n\n<li><a rel=\"noreferrer noopener\" href=\"http:\/\/sites.ieee.org\/pes-iss\/\" target=\"_blank\"><strong>Intelligent Systems Subcommittee (ISS), part of IEEE PES TC Analytic Methods for Power Systems (AMPS)<\/strong><\/a> <\/li>\n<\/ul>\n","protected":false},"excerpt":{"rendered":"<p>IEEE WORLD CONGRESS ON COMPUTATIONAL INTELLIGENCE (WCCI) 2020 GECCO 2020 @ Cancun &#8211; GENETIC AND EVOLUTIONARY COMPUTATION CONFERENCE 8th &#8211; 12th July 2020, Canc\u00fan (Mexico) &amp; 19th &#8211; 24th July 2020, Glasgow (UK) Organized by Joao Soares, Fernando Lezama, Bruno Canizes, Zita Vale Final Rank Results Final Rank Name Affiliation, Country Algorithm Final Rank 1&hellip; <br \/> <a class=\"read-more\" href=\"https:\/\/www.gecad.isep.ipp.pt\/ERM-competitions\/2020-2\/\">Read more<\/a><\/p>\n","protected":false},"author":1,"featured_media":1069,"parent":0,"menu_order":0,"comment_status":"closed","ping_status":"closed","template":"","meta":{"footnotes":""},"class_list":["post-96","page","type-page","status-publish","has-post-thumbnail","hentry"],"_links":{"self":[{"href":"https:\/\/www.gecad.isep.ipp.pt\/ERM-competitions\/wp-json\/wp\/v2\/pages\/96","targetHints":{"allow":["GET"]}}],"collection":[{"href":"https:\/\/www.gecad.isep.ipp.pt\/ERM-competitions\/wp-json\/wp\/v2\/pages"}],"about":[{"href":"https:\/\/www.gecad.isep.ipp.pt\/ERM-competitions\/wp-json\/wp\/v2\/types\/page"}],"author":[{"embeddable":true,"href":"https:\/\/www.gecad.isep.ipp.pt\/ERM-competitions\/wp-json\/wp\/v2\/users\/1"}],"replies":[{"embeddable":true,"href":"https:\/\/www.gecad.isep.ipp.pt\/ERM-competitions\/wp-json\/wp\/v2\/comments?post=96"}],"version-history":[{"count":99,"href":"https:\/\/www.gecad.isep.ipp.pt\/ERM-competitions\/wp-json\/wp\/v2\/pages\/96\/revisions"}],"predecessor-version":[{"id":1073,"href":"https:\/\/www.gecad.isep.ipp.pt\/ERM-competitions\/wp-json\/wp\/v2\/pages\/96\/revisions\/1073"}],"wp:featuredmedia":[{"embeddable":true,"href":"https:\/\/www.gecad.isep.ipp.pt\/ERM-competitions\/wp-json\/wp\/v2\/media\/1069"}],"wp:attachment":[{"href":"https:\/\/www.gecad.isep.ipp.pt\/ERM-competitions\/wp-json\/wp\/v2\/media?parent=96"}],"curies":[{"name":"wp","href":"https:\/\/api.w.org\/{rel}","templated":true}]}}