{"id":18,"date":"2019-08-02T15:58:12","date_gmt":"2019-08-02T15:58:12","guid":{"rendered":"http:\/\/www.gecad.isep.ipp.pt\/MAS-Society\/?page_id=18"},"modified":"2022-05-12T13:37:31","modified_gmt":"2022-05-12T13:37:31","slug":"documents","status":"publish","type":"page","link":"https:\/\/www.gecad.isep.ipp.pt\/MAS-Society\/documents\/","title":{"rendered":"PUBLICATIONS"},"content":{"rendered":"\n<p><strong><span class=\"has-inline-color has-black-color\">Scientific Journals:<\/span><\/strong><\/p>\n\n\n\n<ul><li><span class=\"has-inline-color has-black-color\">Canizes, B., Silveira, V. and Vale, Z., \u201cDemand response and dispatchable generation as ancillary services to support the low voltage distribution network operation,\u201d Energy Reports, vol. 8, pp. 7\u201315, Jun. 2022.<\/span> <a rel=\"noreferrer noopener\" href=\"https:\/\/doi.org\/10.1016\/j.egyr.2022.01.040\" target=\"_blank\">doi.org\/10.1016\/j.egyr.2022.01.040<\/a><\/li><li><span class=\"has-inline-color has-black-color\">Mart\u00ednez-L\u00f3pez, Y., Rodr\u00edguez-Gonz\u00e1lez, A. Y., Madera, J., Bethencourt Mayedo, M., and Lezama, F., \u201cCellular estimation of distribution algorithm designed to solve the energy resource management problem under uncertainty,\u201d Eng. Appl. Artif. Intell., vol. 101, p. 104231, May 2021. <\/span><a rel=\"noreferrer noopener\" href=\"https:\/\/doi.org\/10.1016\/j.engappai.2021.104231\" target=\"_blank\">doi.org\/10.1016\/j.engappai.2021.104231<\/a><\/li><li><span class=\"has-inline-color has-black-color\">Mota, B., Albergaria, M., Pereira, H.\u00a0<em>et al.<\/em>\u00a0Climatization and luminosity optimization of buildings using genetic algorithm, random forest, and regression models.\u00a0<em>Energy Inform<\/em>\u00a04,\u00a042 (2021). <a href=\"https:\/\/doi.org\/10.1186\/s42162-021-00151-x\">doi.org\/10.1186\/s42162-021-00151-x<\/a><\/span><\/li><li><span class=\"has-inline-color has-black-color\">de S\u00e3o Jos\u00e9, D., Faria, P., Vale, Z. Smart energy community: A systematic review with metanalysis. Energy Strategy Reviews, Volume 36, 2021, 100678. <a href=\"https:\/\/doi.org\/10.1016\/j.esr.2021.100678\">doi.org\/10.1016\/j.esr.2021.100678<\/a><\/span><\/li><li><span class=\"has-inline-color has-black-color\">Vale, Z.; Faria, P.; Abrishambaf, O.; Gomes, L.; Pinto, T. MARTINE\u2014A Platform for Real-Time Energy Management in Smart Grids.\u00a0Energies\u00a02021,\u00a014, 1820. <a href=\"https:\/\/doi.org\/10.3390\/en14071820\">doi.org\/10.3390\/en14071820<\/a><\/span><\/li><li><span class=\"has-inline-color has-black-color\">Ramos, D.; Khorram, M.; Faria, P.; Vale, Z. Load Forecasting in an Office Building with Different Data Structure and Learning Parameters.\u00a0<em>Forecasting<\/em>\u00a02021,\u00a0<em>3<\/em>, 242-255. <a href=\"https:\/\/doi.org\/10.3390\/forecast3010015\">doi.org\/10.3390\/forecast3010015<\/a><\/span><\/li><li><span class=\"has-inline-color has-black-color\">Daniel Ramos, Br\u00edgida Teixeira,      Pedro Faria, Luis Gomes, Omid Abrishambaf, Zita Vale, Using Diverse      Sensors in Load Forecasting in an Office Building to Support Energy      Management, Energy Reports, Volume 6, Supplement 8, December 2020, Pages      182-187.\u00a0<a href=\"https:\/\/www.sciencedirect.com\/science\/article\/pii\/S2352484720315250\">doi.org\/10.1016\/j.egyr.2020.11.100<\/a><\/span><\/li><li><span class=\"has-inline-color has-black-color\">Santos, G.; Faria, P.; Vale,      Z.; Pinto, T.; Corchado, J.M., Constrained Generation Bids in Local      Electricity Markets: A Semantic Approach. Energies 2020, 13, 3990.\u00a0<a href=\"https:\/\/doi.org\/10.3390\/en13153990\">doi.org\/10.3390\/en13153990<\/a><\/span><\/li><li>Teixeira, B., Santos, G., Pinto, T., Vale Z. and Corchado, J., &#8220;Application Ontology for Multi-Agent and Web-Services\u2019 Co-Simulation in Power and Energy Systems,&#8221; in\u00a0<em>IEEE Access<\/em>, vol. 8, pp. 81129-81141, 2020. <a href=\"https:\/\/ieeexplore.ieee.org\/document\/9079789\" data-type=\"URL\" data-id=\"https:\/\/ieeexplore.ieee.org\/document\/9079789\">doi.org\/10.1109\/ACCESS.2020.2991010<\/a><\/li><li><span class=\"has-inline-color has-black-color\">Gomes, L.; Almeida, C.; Vale,      Z. Recommendation of Workplaces in a Coworking Building: A Cyber-Physical      Approach Supported by a Context-Aware Multi-Agent System.\u00a0Sensors      2020, 20, 3597.\u00a0<a href=\"https:\/\/doi.org\/10.3390\/s20123597\">doi.org\/10.3390\/s20123597<\/a><\/span><\/li><li><span class=\"has-inline-color has-black-color\">Gomes L., Vale Z. and Corchado      J. M., Multi-Agent Microgrid Management System for Single-Board Computers:      A Case Study on Peer-to-Peer Energy Trading, in\u00a0<em>IEEE Access<\/em>,      vol. 8, pp. 64169-64183, 2020.\u00a0<a href=\"https:\/\/ieeexplore.ieee.org\/document\/9055409\">doi.org\/10.1109\/ACCESS.2020.2985254<\/a><\/span><\/li><li><span class=\"has-inline-color has-black-color\">Gomes L., Vale Z. and Corchado      J. M., Microgrid management system based on a multi-agent approach: An      office building pilot, Measurement, Volume 154, 2020, 107427, ISSN      0263-2241.\u00a0<a rel=\"noreferrer noopener\" href=\"https:\/\/doi.org\/10.1016\/j.measurement.2019.107427\" target=\"_blank\">doi.org\/10.1016\/j.measurement.2019.107427<\/a><\/span><\/li><li><span class=\"has-inline-color has-black-color\">Santos G., Vale Z., Faria P.,      Gomes L., BRICKS: Building\u2019s reasoning for intelligent control      knowledge-based system, Sustainable Cities and Society, Volume 52, 2020,      101832, ISSN 2210-6707.\u00a0<a rel=\"noreferrer noopener\" href=\"https:\/\/doi.org\/10.1016\/j.scs.2019.101832\" target=\"_blank\">doi.org\/10.1016\/j.scs.2019.101832<\/a>\u00a0<\/span><\/li><\/ul>\n\n\n\n<p><strong><span class=\"has-inline-color has-black-color\">International Conferences:<\/span><\/strong><\/p>\n\n\n\n<ul><li><span class=\"has-inline-color has-black-color\">Santos G., Pinto T., Vale Z., Corchado J.M. (2021) Semantic Interoperability for Multiagent Simulation and Decision Support in Power Systems. In: De La Prieta F., El Bolock A., Dur\u00e3es D., Carneiro J., Lopes F., Julian V. (eds) Highlights in Practical Applications of Agents, Multi-Agent Systems, and Social Good. The PAAMS Collection. PAAMS Workshops 2021. Communications in Computer and Information Science, vol 1472. Springer, Cham. <a href=\"https:\/\/doi.org\/10.1007\/978-3-030-85710-3_18\">doi.org\/10.1007\/978-3-030-85710-3_18<\/a><\/span><\/li><li><span class=\"has-inline-color has-black-color\"><span style=\"color: initial; font-family: -apple-system, BlinkMacSystemFont, &quot;Segoe UI&quot;, Roboto, Oxygen-Sans, Ubuntu, Cantarell, &quot;Helvetica Neue&quot;, sans-serif;\">Santos G. et al. (2021) Semantic Services Catalog for Multiagent Systems Society. In: Dignum F., Corchado J.M., De La Prieta F. (eds) Advances in Practical Applications of Agents, Multi-Agent Systems, and Social Good. The PAAMS Collection. PAAMS 2021. Lecture Notes in Computer Science, vol 12946. Springer, Cham. <\/span><a style=\"font-family: -apple-system, BlinkMacSystemFont, &quot;Segoe UI&quot;, Roboto, Oxygen-Sans, Ubuntu, Cantarell, &quot;Helvetica Neue&quot;, sans-serif;\" href=\"https:\/\/doi.org\/10.1007\/978-3-030-85739-4_19\">doi.org\/10.1007\/978-3-030-85739-4_19<\/a><\/span><\/li><li><span class=\"has-inline-color has-black-color\"><span style=\"color: initial; font-family: -apple-system, BlinkMacSystemFont, &quot;Segoe UI&quot;, Roboto, Oxygen-Sans, Ubuntu, Cantarell, &quot;Helvetica Neue&quot;, sans-serif;\">Tiago Pinto and Zita Vale, Adaptive learning in multiagent systems for automated energy contacts negotiation, 24th European Conference on Artificial Intelligence \u2013 ECAI 2020, 29 August \u2013 8 September 2020, Santiago de Compostela (online). <\/span><a style=\"font-family: -apple-system, BlinkMacSystemFont, &quot;Segoe UI&quot;, Roboto, Oxygen-Sans, Ubuntu, Cantarell, &quot;Helvetica Neue&quot;, sans-serif;\" href=\"https:\/\/ecai2020.eu\/papers\/1536_paper.pdf\">doi.org\/10.3233\/FAIA200458<\/a><\/span><\/li><li><span class=\"has-inline-color has-black-color\"><span style=\"color: initial; font-family: -apple-system, BlinkMacSystemFont, &quot;Segoe UI&quot;, Roboto, Oxygen-Sans, Ubuntu, Cantarell, &quot;Helvetica Neue&quot;, sans-serif;\">Mahsa Khorram, Pedro Faria, Omid Abrishambaf, Zita Vale, Air Conditioner Consumption Optimization in an Office Building Considering User Comfort. ICEER 2019 \u2013 6th International Conference on Energy and Environment Research, Aveiro, Portugal, 22-25 July 2019.&nbsp;<\/span><a style=\"font-family: -apple-system, BlinkMacSystemFont, &quot;Segoe UI&quot;, Roboto, Oxygen-Sans, Ubuntu, Cantarell, &quot;Helvetica Neue&quot;, sans-serif;\" href=\"https:\/\/www.sciencedirect.com\/science\/article\/pii\/S2352484719306201\">doi.org\/10.1016\/j.egyr.2019.08.029<\/a><\/span><\/li><li><span class=\"has-inline-color has-black-color\"><span style=\"color: initial; font-family: -apple-system, BlinkMacSystemFont, &quot;Segoe UI&quot;, Roboto, Oxygen-Sans, Ubuntu, Cantarell, &quot;Helvetica Neue&quot;, sans-serif;\">Santos G., Pinto T., Vale Z., Corchado J.M., Multi-agent semantic interoperability in complex energy systems simulation and decision support,&nbsp;2019 20th International Conference on Intelligent System Application to Power Systems (ISAP), New Delhi, India, 2019, pp. 1-6.&nbsp;<\/span><a style=\"font-family: -apple-system, BlinkMacSystemFont, &quot;Segoe UI&quot;, Roboto, Oxygen-Sans, Ubuntu, Cantarell, &quot;Helvetica Neue&quot;, sans-serif;\" href=\"https:\/\/ieeexplore.ieee.org\/document\/9065951\">doi.org\/10.1109\/ISAP48318.2019.9065951<\/a><\/span><\/li><li><span class=\"has-inline-color has-black-color\"><span style=\"color: initial; font-family: -apple-system, BlinkMacSystemFont, &quot;Segoe UI&quot;, Roboto, Oxygen-Sans, Ubuntu, Cantarell, &quot;Helvetica Neue&quot;, sans-serif;\">Silva C., Faria P., Vale Z., Real-Time Approach for Demand Response Tariffs Definition Using Decision Trees,&nbsp;2019 20th International Conference on Intelligent System Application to Power Systems (ISAP), New Delhi, India, 2019, pp. 1-6.&nbsp;<\/span><a style=\"font-family: -apple-system, BlinkMacSystemFont, &quot;Segoe UI&quot;, Roboto, Oxygen-Sans, Ubuntu, Cantarell, &quot;Helvetica Neue&quot;, sans-serif;\" href=\"https:\/\/ieeexplore.ieee.org\/document\/9065969\">doi.org\/10.1109\/ISAP48318.2019.9065969<\/a><\/span><\/li><li><span class=\"has-inline-color has-black-color\"><span style=\"color: initial; font-family: -apple-system, BlinkMacSystemFont, &quot;Segoe UI&quot;, Roboto, Oxygen-Sans, Ubuntu, Cantarell, &quot;Helvetica Neue&quot;, sans-serif;\">Lezama F., Munoz de Cote E., Farinelli A., Soares J., Pinto T., Vale Z. (2019) \u201cDistributed Constrained Optimization Towards Effective Agent-Based Microgrid Energy Resource Management\u201d. In: Moura Oliveira P., Novais P., Reis L. (eds) Progress in Artificial Intelligence. EPIA 2019. Lecture Notes in Computer Science, vol 11804. Springer, Cham.&nbsp;<a href=\"https:\/\/doi.org\/10.1007\/978-3-030-30241-2_37\">doi.org\/10.1007\/978-3-030-30241-2_37<\/a>&nbsp;&nbsp;&nbsp;<\/span><\/span><\/li><li><span class=\"has-inline-color has-black-color\"><span style=\"color: initial; font-family: -apple-system, BlinkMacSystemFont, &quot;Segoe UI&quot;, Roboto, Oxygen-Sans, Ubuntu, Cantarell, &quot;Helvetica Neue&quot;, sans-serif;\">Pinto T., Pra\u00e7a I., Vale Z., Santos C. (2019) \u201cCollaborative Reinforcement Learning of Energy Contracts Negotiation Strategies\u201d. In: De La Prieta F. et al. (eds) Highlights of Practical Applications of Survivable Agents and Multi-Agent Systems. The PAAMS Collection. PAAMS 2019. Communications in Computer and Information Science, vol 1047. Springer, Cham.&nbsp;<a href=\"https:\/\/doi.org\/10.1007\/978-3-030-24299-2_17\">10.1007\/978-3-030-24299-2_17<\/a>&nbsp;&nbsp;&nbsp;<\/span><\/span><\/li><li><span class=\"has-inline-color has-black-color\"><span style=\"color: initial; font-family: -apple-system, BlinkMacSystemFont, &quot;Segoe UI&quot;, Roboto, Oxygen-Sans, Ubuntu, Cantarell, &quot;Helvetica Neue&quot;, sans-serif;\">Nascimento J., Pinto T., Vale Z. (2019) \u201cDay-ahead electricity market price forecasting using artificial neural network with spearman data correlation\u201d. In: IEEE Milan PowerTech, Milan, Italy, 2019, pp. 1-6.&nbsp;<a href=\"https:\/\/ieeexplore.ieee.org\/abstract\/document\/8810618\">doi.org\/10.1109\/PTC.2019.8810618<\/a><\/span><\/span><\/li><li><span class=\"has-inline-color has-black-color\"><span style=\"color: initial; font-family: -apple-system, BlinkMacSystemFont, &quot;Segoe UI&quot;, Roboto, Oxygen-Sans, Ubuntu, Cantarell, &quot;Helvetica Neue&quot;, sans-serif;\">Silva F., Pinto T., Vale Z. (2019) \u201cDecision Support System for Opponents Selection in Electricity Markets Bilateral Negotiations\u201d. In: AAMAS \u201919 Proceedings of the 18th International Conference on Autonomous Agents and MultiAgent Systems. Pages 2384-2386. <a rel=\"noreferrer noopener\" href=\"http:\/\/dx.doi.org\/10.1007\/978-3-319-61118-1_20\" target=\"_blank\">doi.org\/10.1007\/978-3-319-61118-1_20<\/a><\/span><\/span><\/li><li><span class=\"has-inline-color has-black-color\"><span style=\"color: initial; font-family: -apple-system, BlinkMacSystemFont, &quot;Segoe UI&quot;, Roboto, Oxygen-Sans, Ubuntu, Cantarell, &quot;Helvetica Neue&quot;, sans-serif;\">Pinto T., Santos G., Vale Z. (2019) \u201cPractical Application of a Multi-Agent Systems Society for Energy Management and Control\u201d. In: AAMAS \u201919 Proceedings of the 18th International Conference on Autonomous Agents and MultiAgent Systems. Pages 2378-2380. <a href=\"https:\/\/www.researchgate.net\/publication\/347015293_Practical_application_of_a_multi-agent_systems_society_for_energy_management_and_control_Demonstration\">researchgate.net\/publication\/347015293<\/a><\/span><\/span><\/li><li><span class=\"has-inline-color has-black-color\"><span style=\"color: initial; font-family: -apple-system, BlinkMacSystemFont, &quot;Segoe UI&quot;, Roboto, Oxygen-Sans, Ubuntu, Cantarell, &quot;Helvetica Neue&quot;, sans-serif;\">Pinto, T., &amp; Vale, Z.A. (2019). \u201cALBidS: A Decision Support System for Strategic Bidding in Electricity Markets\u201d.&nbsp;In: AAMAS \u201919 Proceedings of the 18th International Conference on Autonomous Agents and MultiAgent Systems.&nbsp;<a href=\"https:\/\/zenodo.org\/record\/3480125#.YJqbLKlKjQ1\">doi.org\/10.5555\/3306127.3332117<\/a><\/span><\/span><\/li><\/ul>\n\n\n\n<figure class=\"wp-block-image\"><img decoding=\"async\" src=\"http:\/\/www.gecad.isep.ipp.pt\/COLORS\/wp-content\/uploads\/2019\/05\/sponsor-1024x101.png\" alt=\"\" class=\"wp-image-168\"\/><\/figure>\n","protected":false},"excerpt":{"rendered":"<p>Scientific Journals: Canizes, B., Silveira, V. and Vale, Z., \u201cDemand response and dispatchable generation as ancillary services to support the low voltage distribution network operation,\u201d Energy Reports, vol. 8, pp. 7\u201315, Jun. 2022. doi.org\/10.1016\/j.egyr.2022.01.040 Mart\u00ednez-L\u00f3pez, Y., Rodr\u00edguez-Gonz\u00e1lez, A. Y., Madera, J., Bethencourt Mayedo, M., and Lezama, F., \u201cCellular estimation of distribution algorithm designed to solve&hellip; <br \/> <a class=\"read-more\" href=\"https:\/\/www.gecad.isep.ipp.pt\/MAS-Society\/documents\/\">Read more<\/a><\/p>\n","protected":false},"author":1,"featured_media":0,"parent":0,"menu_order":0,"comment_status":"closed","ping_status":"closed","template":"page-templates\/homepage.php","meta":{"_monsterinsights_skip_tracking":false,"_monsterinsights_sitenote_active":false,"_monsterinsights_sitenote_note":"","_monsterinsights_sitenote_category":0,"footnotes":""},"_links":{"self":[{"href":"https:\/\/www.gecad.isep.ipp.pt\/MAS-Society\/wp-json\/wp\/v2\/pages\/18"}],"collection":[{"href":"https:\/\/www.gecad.isep.ipp.pt\/MAS-Society\/wp-json\/wp\/v2\/pages"}],"about":[{"href":"https:\/\/www.gecad.isep.ipp.pt\/MAS-Society\/wp-json\/wp\/v2\/types\/page"}],"author":[{"embeddable":true,"href":"https:\/\/www.gecad.isep.ipp.pt\/MAS-Society\/wp-json\/wp\/v2\/users\/1"}],"replies":[{"embeddable":true,"href":"https:\/\/www.gecad.isep.ipp.pt\/MAS-Society\/wp-json\/wp\/v2\/comments?post=18"}],"version-history":[{"count":23,"href":"https:\/\/www.gecad.isep.ipp.pt\/MAS-Society\/wp-json\/wp\/v2\/pages\/18\/revisions"}],"predecessor-version":[{"id":212,"href":"https:\/\/www.gecad.isep.ipp.pt\/MAS-Society\/wp-json\/wp\/v2\/pages\/18\/revisions\/212"}],"wp:attachment":[{"href":"https:\/\/www.gecad.isep.ipp.pt\/MAS-Society\/wp-json\/wp\/v2\/media?parent=18"}],"curies":[{"name":"wp","href":"https:\/\/api.w.org\/{rel}","templated":true}]}}