{"id":24,"date":"2019-08-02T15:59:58","date_gmt":"2019-08-02T15:59:58","guid":{"rendered":"http:\/\/www.gecad.isep.ipp.pt\/MAS-Society\/?page_id=24"},"modified":"2019-09-19T14:20:37","modified_gmt":"2019-09-19T14:20:37","slug":"team","status":"publish","type":"page","link":"https:\/\/www.gecad.isep.ipp.pt\/MAS-Society\/team\/","title":{"rendered":"TEAM"},"content":{"rendered":"\n<ul><li><strong>Zita Vale<\/strong>&nbsp;(Principal Investigator),\n     Full Professor, ISEP\/Polytechnic of Porto \u2013&nbsp;<a href=\"http:\/\/www.linkedin.com\/in\/zitavale\">LinkedIn<\/a>&nbsp;\u2013&nbsp;<a href=\"https:\/\/www.researchgate.net\/profile\/Zita_Vale\">ResearhGate<\/a><\/li><li>Isabel Pra\u00e7a (Co-Principal Investigator),\n     Adjunct Professor, ISEP\/Polytechnic of Porto \u2013&nbsp;<a href=\"https:\/\/www.linkedin.com\/in\/isabel-pra%C3%A7a-07b86310\/\">LinkedIn<\/a>&nbsp;\u2013&nbsp;<a href=\"https:\/\/www.researchgate.net\/profile\/Isabel_Praca\">ResearhGate<\/a><\/li><li>Br\u00edgida Teixeira,\n     &nbsp;Researcher, ISEP\/Polytechnic of Porto \u2013&nbsp;<a href=\"https:\/\/www.linkedin.com\/in\/brigidateixeira\/\">LinkedIn<\/a>&nbsp;\u2013&nbsp;<a href=\"https:\/\/www.researchgate.net\/profile\/Brigida_Teixeira\">ResearchGate<\/a><\/li><li>D\u00e9bora De S\u00e3o\n     Jos\u00e9,&nbsp;Researcher, ISEP\/Polytechnic of Porto \u2013&nbsp;<a href=\"https:\/\/www.linkedin.com\/in\/deboradesaojose\/\">LinkedIn<\/a>&nbsp;\u2013&nbsp;<a href=\"https:\/\/www.researchgate.net\/profile\/Debora_De_Sao_Jose\">ResearchGate<\/a><\/li><li>Fernando Lezama, Researcher,\n     ISEP\/Polytechnic of Porto \u2013&nbsp;<a href=\"https:\/\/www.linkedin.com\/in\/fernando-lezama-04bb819a\/\">LinkedIn<\/a>&nbsp;\u2013&nbsp;<a href=\"https:\/\/www.researchgate.net\/profile\/Fernando_Lezama2\">ResearchGate<\/a><\/li><li>Gabriel Santos, Researcher,\n     ISEP\/Polytechnic of Porto \u2013&nbsp;<a href=\"https:\/\/www.researchgate.net\/profile\/Gabriel_Santos22\">ResearchGate<\/a><\/li><li>Jo\u00e3o Soares, Auxiliary\n     Researcher, ISEP\/Polytechnic of Porto \u2013&nbsp;<a href=\"https:\/\/www.linkedin.com\/in\/joao-soares-20b7694\/\">LinkedIn<\/a>&nbsp;\u2013&nbsp;<a href=\"https:\/\/www.researchgate.net\/profile\/Joao_Soares5\">ResearchGate<\/a><\/li><\/ul>\n","protected":false},"excerpt":{"rendered":"<p>Zita Vale&nbsp;(Principal Investigator), Full Professor, ISEP\/Polytechnic of Porto \u2013&nbsp;LinkedIn&nbsp;\u2013&nbsp;ResearhGate Isabel Pra\u00e7a (Co-Principal Investigator), Adjunct Professor, ISEP\/Polytechnic of Porto \u2013&nbsp;LinkedIn&nbsp;\u2013&nbsp;ResearhGate Br\u00edgida Teixeira, &nbsp;Researcher, ISEP\/Polytechnic of Porto \u2013&nbsp;LinkedIn&nbsp;\u2013&nbsp;ResearchGate D\u00e9bora De S\u00e3o Jos\u00e9,&nbsp;Researcher, ISEP\/Polytechnic of Porto \u2013&nbsp;LinkedIn&nbsp;\u2013&nbsp;ResearchGate Fernando Lezama, Researcher, ISEP\/Polytechnic of Porto \u2013&nbsp;LinkedIn&nbsp;\u2013&nbsp;ResearchGate Gabriel Santos, Researcher, ISEP\/Polytechnic of Porto \u2013&nbsp;ResearchGate Jo\u00e3o Soares, Auxiliary Researcher, ISEP\/Polytechnic of Porto&hellip; <br \/> <a class=\"read-more\" href=\"https:\/\/www.gecad.isep.ipp.pt\/MAS-Society\/team\/\">Read more<\/a><\/p>\n","protected":false},"author":1,"featured_media":0,"parent":0,"menu_order":0,"comment_status":"closed","ping_status":"closed","template":"page-templates\/homepage.php","meta":{"_monsterinsights_skip_tracking":false,"_monsterinsights_sitenote_active":false,"_monsterinsights_sitenote_note":"","_monsterinsights_sitenote_category":0,"footnotes":""},"_links":{"self":[{"href":"https:\/\/www.gecad.isep.ipp.pt\/MAS-Society\/wp-json\/wp\/v2\/pages\/24"}],"collection":[{"href":"https:\/\/www.gecad.isep.ipp.pt\/MAS-Society\/wp-json\/wp\/v2\/pages"}],"about":[{"href":"https:\/\/www.gecad.isep.ipp.pt\/MAS-Society\/wp-json\/wp\/v2\/types\/page"}],"author":[{"embeddable":true,"href":"https:\/\/www.gecad.isep.ipp.pt\/MAS-Society\/wp-json\/wp\/v2\/users\/1"}],"replies":[{"embeddable":true,"href":"https:\/\/www.gecad.isep.ipp.pt\/MAS-Society\/wp-json\/wp\/v2\/comments?post=24"}],"version-history":[{"count":3,"href":"https:\/\/www.gecad.isep.ipp.pt\/MAS-Society\/wp-json\/wp\/v2\/pages\/24\/revisions"}],"predecessor-version":[{"id":99,"href":"https:\/\/www.gecad.isep.ipp.pt\/MAS-Society\/wp-json\/wp\/v2\/pages\/24\/revisions\/99"}],"wp:attachment":[{"href":"https:\/\/www.gecad.isep.ipp.pt\/MAS-Society\/wp-json\/wp\/v2\/media?parent=24"}],"curies":[{"name":"wp","href":"https:\/\/api.w.org\/{rel}","templated":true}]}}