{"id":8,"date":"2022-08-05T10:18:33","date_gmt":"2022-08-05T10:18:33","guid":{"rendered":"http:\/\/www.gecad.isep.ipp.pt\/ci4energy\/?page_id=8"},"modified":"2023-12-19T17:49:19","modified_gmt":"2023-12-19T17:49:19","slug":"members","status":"publish","type":"page","link":"https:\/\/www.gecad.isep.ipp.pt\/ci4energy\/members\/","title":{"rendered":"Members"},"content":{"rendered":"\n<p><\/p>\n\n\n\n<p><strong>Chair:&nbsp; Jo\u00e3o Soares, Polytechnic of Porto&nbsp; <\/strong>(appointed in 2022)<strong>&nbsp;<\/strong><\/p>\n\n\n\n<p><strong>Vice-Chairs<\/strong><strong>: Fernando Lezama<\/strong><strong>, Polytechnic of Porto <\/strong><strong>&nbsp;<\/strong><\/p>\n\n\n\n<p><strong>Members:<\/strong> <\/p>\n\n\n\n<p>Paul Kaufmann, Computational Intelligence Group, Mainz University <strong>(Chair 2017 &amp; 2018)<\/strong> <\/p>\n\n\n\n<p>Markus Wagner, Optimisation and Logistics Group, The University of Adelaide <strong>(Chair 2014 &amp; 2015)<\/strong>, Australia <\/p>\n\n\n\n<p>Steffen Limmer, Honda Research Institute Europe GmbH, Germany<\/p>\n\n\n\n<p>Tobias Rodemann, Honda Research Institute Europe GmbH, Germany <\/p>\n\n\n\n<p>Sanaz Mostaghim, Faculty of Computer Science, Otto von Guericke University Magdeburg <\/p>\n\n\n\n<p>Ansel Rodriguez Gonzalez, Centro de Investigaci\u00f3n Cient\u00edfica y de Educaci\u00f3n Superior de Ensenada (CICESE UT3), Mexico <\/p>\n\n\n\n<p>Filipe Saraiva, Faculdade de Computa\u00e7\u00e3o, Universidade Federal do Par\u00e1, Brazil <\/p>\n\n\n\n<p>Ulf Lorenz, Optimization under Uncertainty and Technical Operations Research, Germany <\/p>\n\n\n\n<p>Leonardo H. Macedo, S\u00e3o Paulo State University, Brazil <\/p>\n\n\n\n<p>Ruben Romero, S\u00e3o Paulo State University, Ilha Solteira, Brazil <\/p>\n\n\n\n<p>John Fredy Franco, S\u00e3o Paulo State University, Rosana, Brazil <\/p>\n\n\n\n<p>Zita Vale, Polytechnic of Porto, Portugal <\/p>\n\n\n\n<p>Wenlei Bai, Hitachi ABB Power Grids, Houston, TX, USA <\/p>\n\n\n\n<p>Ankur Srivastava, Chalmers University of Technology, Sweden <\/p>\n\n\n\n<p>Kartik S. Pandya, CSPIT, CHARUSAT, India <\/p>\n\n\n\n<p>Bruno Fran\u00e7ois, Centrale Lille, France <\/p>\n\n\n\n<p>Dhaker Abbes, JUNIA, France<\/p>\n\n\n\n<p>Tiago Pinto, UTAD, Portugal<\/p>\n\n\n\n<p>Ricardo Faia, Polytechnic of Porto, Portugal<\/p>\n\n\n\n<p>S\u00e9rgio Ramos, School of Engineering &#8211; Polytechnic of Porto, Portugal<\/p>\n\n\n\n<p>Emanuele Principi, Department of Information Engineering, Universit\u00e0 Politecnica delle Marche, Ancona (Italy)<\/p>\n\n\n\n<p>Giulia Tanoni, Department of Information Engineering, Universit\u00e0 Politecnica delle Marche, Ancona (Italy)<\/p>\n\n\n\n<p>Jos\u00e9 Almeida, Salamanca University and Polytechnic of Porto, Portugal<\/p>\n","protected":false},"excerpt":{"rendered":"<p>Chair:&nbsp; Jo\u00e3o Soares, Polytechnic of Porto&nbsp; (appointed in 2022)&nbsp; Vice-Chairs: Fernando Lezama, Polytechnic of Porto &nbsp; Members: Paul Kaufmann, Computational Intelligence Group, Mainz University (Chair 2017 &amp; 2018) Markus Wagner, Optimisation and Logistics Group, The University of Adelaide (Chair 2014 &amp; 2015), Australia Steffen Limmer, Honda Research Institute Europe GmbH, Germany Tobias Rodemann, Honda Research [&hellip;]<\/p>\n","protected":false},"author":1,"featured_media":0,"parent":0,"menu_order":0,"comment_status":"closed","ping_status":"closed","template":"","meta":[],"_links":{"self":[{"href":"https:\/\/www.gecad.isep.ipp.pt\/ci4energy\/wp-json\/wp\/v2\/pages\/8"}],"collection":[{"href":"https:\/\/www.gecad.isep.ipp.pt\/ci4energy\/wp-json\/wp\/v2\/pages"}],"about":[{"href":"https:\/\/www.gecad.isep.ipp.pt\/ci4energy\/wp-json\/wp\/v2\/types\/page"}],"author":[{"embeddable":true,"href":"https:\/\/www.gecad.isep.ipp.pt\/ci4energy\/wp-json\/wp\/v2\/users\/1"}],"replies":[{"embeddable":true,"href":"https:\/\/www.gecad.isep.ipp.pt\/ci4energy\/wp-json\/wp\/v2\/comments?post=8"}],"version-history":[{"count":9,"href":"https:\/\/www.gecad.isep.ipp.pt\/ci4energy\/wp-json\/wp\/v2\/pages\/8\/revisions"}],"predecessor-version":[{"id":65,"href":"https:\/\/www.gecad.isep.ipp.pt\/ci4energy\/wp-json\/wp\/v2\/pages\/8\/revisions\/65"}],"wp:attachment":[{"href":"https:\/\/www.gecad.isep.ipp.pt\/ci4energy\/wp-json\/wp\/v2\/media?parent=8"}],"curies":[{"name":"wp","href":"https:\/\/api.w.org\/{rel}","templated":true}]}}