{"id":83,"date":"2025-09-24T14:40:41","date_gmt":"2025-09-24T14:40:41","guid":{"rendered":"https:\/\/www.gecad.isep.ipp.pt\/pc2phish\/home\/"},"modified":"2026-01-26T15:39:42","modified_gmt":"2026-01-26T15:39:42","slug":"home-pt","status":"publish","type":"page","link":"https:\/\/www.gecad.isep.ipp.pt\/pc2phish\/","title":{"rendered":"Home-PT"},"content":{"rendered":"\t\t<div data-elementor-type=\"wp-page\" data-elementor-id=\"83\" class=\"elementor elementor-83\">\n\t\t\t\t<div class=\"elementor-element elementor-element-1d385379 e-con-full e-flex e-con e-parent\" data-id=\"1d385379\" data-element_type=\"container\">\n\t\t\t\t<\/div>\n\t\t<div class=\"elementor-element elementor-element-6bb55b68 e-flex e-con-boxed e-con e-parent\" data-id=\"6bb55b68\" data-element_type=\"container\" data-settings=\"{&quot;background_background&quot;:&quot;classic&quot;}\">\n\t\t\t\t\t<div class=\"e-con-inner\">\n\t\t<div class=\"elementor-element elementor-element-3fc9986f e-con-full e-flex e-con e-child\" data-id=\"3fc9986f\" data-element_type=\"container\">\n\t\t<div class=\"elementor-element elementor-element-377d6929 e-con-full e-flex e-con e-child\" data-id=\"377d6929\" data-element_type=\"container\">\n\t\t\t\t<div class=\"elementor-element elementor-element-e2d88e3 elementor-widget elementor-widget-icon-box\" data-id=\"e2d88e3\" data-element_type=\"widget\" data-widget_type=\"icon-box.default\">\n\t\t\t\t\t\t\t<div class=\"elementor-icon-box-wrapper\">\n\n\t\t\t\n\t\t\t\t\t\t<div class=\"elementor-icon-box-content\">\n\n\t\t\t\t\t\t\t\t\t<h3 class=\"elementor-icon-box-title\">\n\t\t\t\t\t\t<span  >\n\t\t\t\t\t\t\tDetec\u00e7\u00e3o de Phishing\t\t\t\t\t\t<\/span>\n\t\t\t\t\t<\/h3>\n\t\t\t\t\n\t\t\t\t\t\t\t\t\t<p class=\"elementor-icon-box-description\">\n\t\t\t\t\t\tIdentificamos e prevenimos ataques de phishing em tempo real. Nossa ferramenta utiliza intelig\u00eancia artificial para detectar e bloquear e-mails suspeitos e atividades de malware, garantindo a seguran\u00e7a de suas comunica\u00e7\u00f5es.\t\t\t\t\t<\/p>\n\t\t\t\t\n\t\t\t<\/div>\n\t\t\t\n\t\t<\/div>\n\t\t\t\t\t\t<\/div>\n\t\t<div class=\"elementor-element elementor-element-5bc91afe e-con-full e-flex e-con e-child\" data-id=\"5bc91afe\" data-element_type=\"container\">\n\t\t\t\t<div class=\"elementor-element elementor-element-775213cf elementor-mobile-align-center elementor-widget elementor-widget-button\" data-id=\"775213cf\" data-element_type=\"widget\" data-widget_type=\"button.default\">\n\t\t\t\t\t\t\t\t\t\t<a class=\"elementor-button elementor-button-link elementor-size-sm elementor-animation-grow\" href=\"https:\/\/www.gecad.isep.ipp.pt\/pc2phish\/about\/\">\n\t\t\t\t\t\t<span class=\"elementor-button-content-wrapper\">\n\t\t\t\t\t\t\t\t\t<span class=\"elementor-button-text\">Saiba mais sobre isso<\/span>\n\t\t\t\t\t<\/span>\n\t\t\t\t\t<\/a>\n\t\t\t\t\t\t\t\t<\/div>\n\t\t\t\t<\/div>\n\t\t\t\t<\/div>\n\t\t<div class=\"elementor-element elementor-element-2cc6d421 e-con-full e-flex e-con e-child\" data-id=\"2cc6d421\" data-element_type=\"container\" data-settings=\"{&quot;background_background&quot;:&quot;classic&quot;}\">\n\t\t\t\t<div class=\"elementor-element elementor-element-dbf6cce elementor-widget elementor-widget-image\" data-id=\"dbf6cce\" data-element_type=\"widget\" data-widget_type=\"image.default\">\n\t\t\t\t\t\t\t\t\t\t\t\t\t\t\t<img fetchpriority=\"high\" decoding=\"async\" width=\"800\" height=\"533\" src=\"https:\/\/www.gecad.isep.ipp.pt\/pc2phish\/wp-content\/uploads\/2025\/10\/Materiais1.png\" class=\"attachment-large size-large wp-image-1778\" alt=\"\" srcset=\"https:\/\/www.gecad.isep.ipp.pt\/pc2phish\/wp-content\/uploads\/2025\/10\/Materiais1.png 1536w, https:\/\/www.gecad.isep.ipp.pt\/pc2phish\/wp-content\/uploads\/2025\/10\/Materiais1-300x200.png 300w\" sizes=\"(max-width: 800px) 100vw, 800px\" \/>\t\t\t\t\t\t\t\t\t\t\t\t\t\t\t<\/div>\n\t\t\t\t<\/div>\n\t\t\t\t<\/div>\n\t\t<div class=\"elementor-element elementor-element-f6cd1f8 e-con-full e-flex e-con e-child\" data-id=\"f6cd1f8\" data-element_type=\"container\">\n\t\t<div class=\"elementor-element elementor-element-50bc071f e-con-full e-flex e-con e-child\" data-id=\"50bc071f\" data-element_type=\"container\" data-settings=\"{&quot;background_background&quot;:&quot;classic&quot;}\">\n\t\t\t\t<div class=\"elementor-element elementor-element-61fd90a elementor-widget elementor-widget-image\" data-id=\"61fd90a\" data-element_type=\"widget\" data-widget_type=\"image.default\">\n\t\t\t\t\t\t\t\t\t\t\t\t\t\t\t<img decoding=\"async\" width=\"800\" height=\"534\" src=\"https:\/\/www.gecad.isep.ipp.pt\/pc2phish\/wp-content\/uploads\/2025\/10\/Materiais-1024x683.png\" class=\"attachment-large size-large wp-image-1759\" alt=\"\" srcset=\"https:\/\/www.gecad.isep.ipp.pt\/pc2phish\/wp-content\/uploads\/2025\/10\/Materiais-1024x683.png 1024w, https:\/\/www.gecad.isep.ipp.pt\/pc2phish\/wp-content\/uploads\/2025\/10\/Materiais-300x200.png 300w, https:\/\/www.gecad.isep.ipp.pt\/pc2phish\/wp-content\/uploads\/2025\/10\/Materiais-768x512.png 768w, https:\/\/www.gecad.isep.ipp.pt\/pc2phish\/wp-content\/uploads\/2025\/10\/Materiais.png 1536w\" sizes=\"(max-width: 800px) 100vw, 800px\" \/>\t\t\t\t\t\t\t\t\t\t\t\t\t\t\t<\/div>\n\t\t\t\t<\/div>\n\t\t<div class=\"elementor-element elementor-element-72eb7ede e-con-full e-flex e-con e-child\" data-id=\"72eb7ede\" data-element_type=\"container\">\n\t\t\t\t<div class=\"elementor-element elementor-element-20d07ca elementor-widget elementor-widget-icon-box\" data-id=\"20d07ca\" data-element_type=\"widget\" data-widget_type=\"icon-box.default\">\n\t\t\t\t\t\t\t<div class=\"elementor-icon-box-wrapper\">\n\n\t\t\t\n\t\t\t\t\t\t<div class=\"elementor-icon-box-content\">\n\n\t\t\t\t\t\t\t\t\t<h3 class=\"elementor-icon-box-title\">\n\t\t\t\t\t\t<span  >\n\t\t\t\t\t\t\tMateriais de Consciencializa\u00e7\u00e3o\t\t\t\t\t\t<\/span>\n\t\t\t\t\t<\/h3>\n\t\t\t\t\n\t\t\t\t\t\t\t\t\t<p class=\"elementor-icon-box-description\">\n\t\t\t\t\t\tReferenciamos uma s\u00e9rie de recursos online para aumentar a consciencializa\u00e7\u00e3o sobre seguran\u00e7a cibern\u00e9tica. \t\t\t\t\t<\/p>\n\t\t\t\t\n\t\t\t<\/div>\n\t\t\t\n\t\t<\/div>\n\t\t\t\t\t\t<\/div>\n\t\t<div class=\"elementor-element elementor-element-d592f2d e-con-full e-flex e-con e-child\" data-id=\"d592f2d\" data-element_type=\"container\">\n\t\t\t\t<div class=\"elementor-element elementor-element-3b2eaa7c elementor-mobile-align-center elementor-widget elementor-widget-button\" data-id=\"3b2eaa7c\" data-element_type=\"widget\" data-widget_type=\"button.default\">\n\t\t\t\t\t\t\t\t\t\t<a class=\"elementor-button elementor-button-link elementor-size-sm elementor-animation-grow\" href=\"https:\/\/www.gecad.isep.ipp.pt\/pc2phish\/materiais-pt\/\">\n\t\t\t\t\t\t<span class=\"elementor-button-content-wrapper\">\n\t\t\t\t\t\t\t\t\t<span class=\"elementor-button-text\">Descubra nossos recursos<\/span>\n\t\t\t\t\t<\/span>\n\t\t\t\t\t<\/a>\n\t\t\t\t\t\t\t\t<\/div>\n\t\t\t\t<\/div>\n\t\t\t\t<\/div>\n\t\t\t\t<\/div>\n\t\t\t\t\t<\/div>\n\t\t\t\t<\/div>\n\t\t<div class=\"elementor-element elementor-element-bff1675 e-flex e-con-boxed e-con e-parent\" data-id=\"bff1675\" data-element_type=\"container\" data-settings=\"{&quot;background_background&quot;:&quot;classic&quot;}\">\n\t\t\t\t\t<div class=\"e-con-inner\">\n\t\t<div class=\"elementor-element elementor-element-bfa0e65 e-con-full e-flex e-con e-child\" data-id=\"bfa0e65\" data-element_type=\"container\">\n\t\t\t\t<div class=\"elementor-element elementor-element-e968499 elementor-widget elementor-widget-video\" data-id=\"e968499\" data-element_type=\"widget\" data-settings=\"{&quot;video_type&quot;:&quot;hosted&quot;,&quot;controls&quot;:&quot;yes&quot;}\" data-widget_type=\"video.default\">\n\t\t\t\t\t\t\t<div class=\"e-hosted-video elementor-wrapper elementor-open-inline\">\n\t\t\t\t\t<video class=\"elementor-video\" src=\"https:\/\/www.gecad.isep.ipp.pt\/pc2phish\/wp-content\/uploads\/2026\/01\/LOGO-PT-Main-4k.mp4\" controls=\"\" preload=\"metadata\" controlsList=\"nodownload\"><\/video>\n\t\t\t\t<\/div>\n\t\t\t\t\t\t<\/div>\n\t\t\t\t<\/div>\n\t\t\t\t\t<\/div>\n\t\t\t\t<\/div>\n\t\t<div class=\"elementor-element elementor-element-bda77de e-flex e-con-boxed e-con e-parent\" data-id=\"bda77de\" data-element_type=\"container\">\n\t\t\t\t\t<div class=\"e-con-inner\">\n\t\t<div class=\"elementor-element elementor-element-2d40d26 e-con-full e-flex e-con e-child\" data-id=\"2d40d26\" data-element_type=\"container\">\n\t\t\t\t<div class=\"elementor-element elementor-element-a60ea8c elementor-widget elementor-widget-heading\" data-id=\"a60ea8c\" data-element_type=\"widget\" data-widget_type=\"heading.default\">\n\t\t\t\t\t<h2 class=\"elementor-heading-title elementor-size-default\">Detec\u00e7\u00e3o de Amea\u00e7as<\/h2>\t\t\t\t<\/div>\n\t\t\t\t<div class=\"elementor-element elementor-element-14a2073 elementor-widget-tablet__width-initial elementor-widget elementor-widget-text-editor\" data-id=\"14a2073\" data-element_type=\"widget\" data-widget_type=\"text-editor.default\">\n\t\t\t\t\t\t\t\t\t<p>A nossa miss\u00e3o \u00e9 fortalecer a seguran\u00e7a cibern\u00e9tica no setor p\u00fablico, proporcionando ferramentas eficazes contra phishing e malware. O projeto PC2phish visa equipar os funcion\u00e1rios com um sistema de detec\u00e7\u00e3o proativa, ajudando a proteger informa\u00e7\u00f5es sens\u00edveis e garantir a integridade dos servi\u00e7os p\u00fablicos.<\/p><p>Com um foco em consciencializa\u00e7\u00e3o e preven\u00e7\u00e3o, oferecemos um conjunto de recursos que envolvem desde a detec\u00e7\u00e3o at\u00e9 a educa\u00e7\u00e3o em seguran\u00e7a. Queremos que cada cidad\u00e3o, independentemente da idade ou do genero, esteja ciente das amea\u00e7as cibern\u00e9ticas e saiba como se proteger.<\/p>\t\t\t\t\t\t\t\t<\/div>\n\t\t\t\t<\/div>\n\t\t<div class=\"elementor-element elementor-element-f6fcb93 e-con-full e-flex e-con e-child\" data-id=\"f6fcb93\" data-element_type=\"container\">\n\t\t\t\t<div class=\"elementor-element elementor-element-b4f252c elementor-view-default elementor-widget elementor-widget-icon\" data-id=\"b4f252c\" data-element_type=\"widget\" data-widget_type=\"icon.default\">\n\t\t\t\t\t\t\t<div class=\"elementor-icon-wrapper\">\n\t\t\t<div class=\"elementor-icon\">\n\t\t\t<svg aria-hidden=\"true\" class=\"e-font-icon-svg e-fas-shield-alt\" viewBox=\"0 0 512 512\" xmlns=\"http:\/\/www.w3.org\/2000\/svg\"><path d=\"M466.5 83.7l-192-80a48.15 48.15 0 0 0-36.9 0l-192 80C27.7 91.1 16 108.6 16 128c0 198.5 114.5 335.7 221.5 380.3 11.8 4.9 25.1 4.9 36.9 0C360.1 472.6 496 349.3 496 128c0-19.4-11.7-36.9-29.5-44.3zM256.1 446.3l-.1-381 175.9 73.3c-3.3 151.4-82.1 261.1-175.8 307.7z\"><\/path><\/svg>\t\t\t<\/div>\n\t\t<\/div>\n\t\t\t\t\t\t<\/div>\n\t\t\t\t<div class=\"elementor-element elementor-element-eca9c9b elementor-view-default elementor-widget elementor-widget-icon\" data-id=\"eca9c9b\" data-element_type=\"widget\" data-widget_type=\"icon.default\">\n\t\t\t\t\t\t\t<div class=\"elementor-icon-wrapper\">\n\t\t\t<div class=\"elementor-icon\">\n\t\t\t<svg aria-hidden=\"true\" class=\"e-font-icon-svg e-fas-robot\" viewBox=\"0 0 640 512\" xmlns=\"http:\/\/www.w3.org\/2000\/svg\"><path d=\"M32,224H64V416H32A31.96166,31.96166,0,0,1,0,384V256A31.96166,31.96166,0,0,1,32,224Zm512-48V448a64.06328,64.06328,0,0,1-64,64H160a64.06328,64.06328,0,0,1-64-64V176a79.974,79.974,0,0,1,80-80H288V32a32,32,0,0,1,64,0V96H464A79.974,79.974,0,0,1,544,176ZM264,256a40,40,0,1,0-40,40A39.997,39.997,0,0,0,264,256Zm-8,128H192v32h64Zm96,0H288v32h64ZM456,256a40,40,0,1,0-40,40A39.997,39.997,0,0,0,456,256Zm-8,128H384v32h64ZM640,256V384a31.96166,31.96166,0,0,1-32,32H576V224h32A31.96166,31.96166,0,0,1,640,256Z\"><\/path><\/svg>\t\t\t<\/div>\n\t\t<\/div>\n\t\t\t\t\t\t<\/div>\n\t\t\t\t<div class=\"elementor-element elementor-element-74e2945 elementor-view-default elementor-widget elementor-widget-icon\" data-id=\"74e2945\" data-element_type=\"widget\" data-widget_type=\"icon.default\">\n\t\t\t\t\t\t\t<div class=\"elementor-icon-wrapper\">\n\t\t\t<div class=\"elementor-icon\">\n\t\t\t<svg aria-hidden=\"true\" class=\"e-font-icon-svg e-far-building\" viewBox=\"0 0 448 512\" xmlns=\"http:\/\/www.w3.org\/2000\/svg\"><path d=\"M128 148v-40c0-6.6 5.4-12 12-12h40c6.6 0 12 5.4 12 12v40c0 6.6-5.4 12-12 12h-40c-6.6 0-12-5.4-12-12zm140 12h40c6.6 0 12-5.4 12-12v-40c0-6.6-5.4-12-12-12h-40c-6.6 0-12 5.4-12 12v40c0 6.6 5.4 12 12 12zm-128 96h40c6.6 0 12-5.4 12-12v-40c0-6.6-5.4-12-12-12h-40c-6.6 0-12 5.4-12 12v40c0 6.6 5.4 12 12 12zm128 0h40c6.6 0 12-5.4 12-12v-40c0-6.6-5.4-12-12-12h-40c-6.6 0-12 5.4-12 12v40c0 6.6 5.4 12 12 12zm-76 84v-40c0-6.6-5.4-12-12-12h-40c-6.6 0-12 5.4-12 12v40c0 6.6 5.4 12 12 12h40c6.6 0 12-5.4 12-12zm76 12h40c6.6 0 12-5.4 12-12v-40c0-6.6-5.4-12-12-12h-40c-6.6 0-12 5.4-12 12v40c0 6.6 5.4 12 12 12zm180 124v36H0v-36c0-6.6 5.4-12 12-12h19.5V24c0-13.3 10.7-24 24-24h337c13.3 0 24 10.7 24 24v440H436c6.6 0 12 5.4 12 12zM79.5 463H192v-67c0-6.6 5.4-12 12-12h40c6.6 0 12 5.4 12 12v67h112.5V49L80 48l-.5 415z\"><\/path><\/svg>\t\t\t<\/div>\n\t\t<\/div>\n\t\t\t\t\t\t<\/div>\n\t\t\t\t<div class=\"elementor-element elementor-element-eb1b68e elementor-view-default elementor-widget elementor-widget-icon\" data-id=\"eb1b68e\" data-element_type=\"widget\" data-widget_type=\"icon.default\">\n\t\t\t\t\t\t\t<div class=\"elementor-icon-wrapper\">\n\t\t\t<div class=\"elementor-icon\">\n\t\t\t<svg aria-hidden=\"true\" class=\"e-font-icon-svg e-fas-globe\" viewBox=\"0 0 496 512\" xmlns=\"http:\/\/www.w3.org\/2000\/svg\"><path d=\"M336.5 160C322 70.7 287.8 8 248 8s-74 62.7-88.5 152h177zM152 256c0 22.2 1.2 43.5 3.3 64h185.3c2.1-20.5 3.3-41.8 3.3-64s-1.2-43.5-3.3-64H155.3c-2.1 20.5-3.3 41.8-3.3 64zm324.7-96c-28.6-67.9-86.5-120.4-158-141.6 24.4 33.8 41.2 84.7 50 141.6h108zM177.2 18.4C105.8 39.6 47.8 92.1 19.3 160h108c8.7-56.9 25.5-107.8 49.9-141.6zM487.4 192H372.7c2.1 21 3.3 42.5 3.3 64s-1.2 43-3.3 64h114.6c5.5-20.5 8.6-41.8 8.6-64s-3.1-43.5-8.5-64zM120 256c0-21.5 1.2-43 3.3-64H8.6C3.2 212.5 0 233.8 0 256s3.2 43.5 8.6 64h114.6c-2-21-3.2-42.5-3.2-64zm39.5 96c14.5 89.3 48.7 152 88.5 152s74-62.7 88.5-152h-177zm159.3 141.6c71.4-21.2 129.4-73.7 158-141.6h-108c-8.8 56.9-25.6 107.8-50 141.6zM19.3 352c28.6 67.9 86.5 120.4 158 141.6-24.4-33.8-41.2-84.7-50-141.6h-108z\"><\/path><\/svg>\t\t\t<\/div>\n\t\t<\/div>\n\t\t\t\t\t\t<\/div>\n\t\t\t\t<\/div>\n\t\t\t\t\t<\/div>\n\t\t\t\t<\/div>\n\t\t<div class=\"elementor-element elementor-element-90c9224 e-flex e-con-boxed e-con e-parent\" data-id=\"90c9224\" data-element_type=\"container\" data-settings=\"{&quot;background_background&quot;:&quot;classic&quot;}\">\n\t\t\t\t\t<div class=\"e-con-inner\">\n\t\t<div class=\"elementor-element elementor-element-3addce16 e-con-full e-flex e-con e-child\" data-id=\"3addce16\" data-element_type=\"container\">\n\t\t\t\t<div class=\"elementor-element elementor-element-327e7206 elementor-widget elementor-widget-heading\" data-id=\"327e7206\" data-element_type=\"widget\" data-widget_type=\"heading.default\">\n\t\t\t\t\t<h2 class=\"elementor-heading-title elementor-size-default\">\u00c1reas de Trabalho<\/h2>\t\t\t\t<\/div>\n\t\t\t\t<\/div>\n\t\t<div class=\"elementor-element elementor-element-793669bb e-con-full e-flex e-con e-child\" data-id=\"793669bb\" data-element_type=\"container\">\n\t\t\t\t<div class=\"elementor-element elementor-element-7d69a40 elementor-widget elementor-widget-text-editor\" data-id=\"7d69a40\" data-element_type=\"widget\" data-widget_type=\"text-editor.default\">\n\t\t\t\t\t\t\t\t\t<ul><li><strong>WP1 \u2013\u00a0<\/strong>Gest\u00e3o, Comunica\u00e7\u00e3o e Dissemina\u00e7\u00e3o<\/li><li><strong>WP2 \u2013\u00a0<\/strong>Especifica\u00e7\u00f5es T\u00e9cnicas<\/li><li><strong>WP3 \u2013\u00a0<\/strong>Detec\u00e7\u00e3o de phishing e malware<\/li><li><strong>WP4 \u2013<\/strong>\u00a0 PC2phish Proof of Concept<\/li><\/ul>\t\t\t\t\t\t\t\t<\/div>\n\t\t\t\t<\/div>\n\t\t\t\t\t<\/div>\n\t\t\t\t<\/div>\n\t\t<div class=\"elementor-element elementor-element-471518a e-flex e-con-boxed e-con e-parent\" data-id=\"471518a\" data-element_type=\"container\">\n\t\t\t\t\t<div class=\"e-con-inner\">\n\t\t\t\t<div class=\"elementor-element elementor-element-95d0417 elementor-widget elementor-widget-heading\" data-id=\"95d0417\" data-element_type=\"widget\" data-widget_type=\"heading.default\">\n\t\t\t\t\t<h2 class=\"elementor-heading-title elementor-size-default\">Noticias e Publica\u00e7\u00f5es<\/h2>\t\t\t\t<\/div>\n\t\t\t\t<div class=\"elementor-element elementor-element-fcc9476 elementor-widget elementor-widget-hfe-basic-posts\" data-id=\"fcc9476\" data-element_type=\"widget\" data-widget_type=\"hfe-basic-posts.default\">\n\t\t\t\t<div class=\"elementor-widget-container\">\n\t\t\t\t\t\n<div class=\"hfe-posts-grid\">\n\t\t\t<article class=\"hfe-post-card\">\n\t\t\t\n\t\t\t<div class=\"hfe-post-content\">\n\t\t\t\t\t\t\t\t\t<h3 class=\"hfe-post-title\">\n\t\t\t\t\t\t<a href=\"https:\/\/www.gecad.isep.ipp.pt\/pc2phish\/en\/pc2phish-highlighted-in-the-media-and-by-isep\/\" rel=\"bookmark\">\n\t\t\t\t\t\t\tPC2phish Highlighted in the Media and by ISEP\t\t\t\t\t\t<\/a>\n\t\t\t\t\t<\/h3>\n\t\t\t\t\n\t\t\t\t\t\t\t\t\t<div class=\"hfe-post-meta\">\n\t\t\t\t\t\t<span class=\"hfe-post-date\">02\/02\/2026<\/span><span class=\"hfe-meta-separator\"> | <\/span><span class=\"hfe-post-author\">by Ricardo<\/span>\t\t\t\t\t<\/div>\n\t\t\t\t\n\t\t\t\t\t\t\t\t\t<div class=\"hfe-post-excerpt\">\n\t\t\t\t\t\tPC2phish Highlighted in the Media and by ISEP The PC2phish project has been establishing itself as a reference initiative in...\t\t\t\t\t<\/div>\n\t\t\t\t\n\t\t\t\t\t\t\t\t\t<a href=\"https:\/\/www.gecad.isep.ipp.pt\/pc2phish\/en\/pc2phish-highlighted-in-the-media-and-by-isep\/\" class=\"hfe-read-more\" rel=\"bookmark\">\n\t\t\t\t\t\tRead More \u2192\t\t\t\t\t<\/a>\n\t\t\t\t\t\t\t<\/div>\n\t\t<\/article>\n\t\t\t\t<article class=\"hfe-post-card\">\n\t\t\t\n\t\t\t<div class=\"hfe-post-content\">\n\t\t\t\t\t\t\t\t\t<h3 class=\"hfe-post-title\">\n\t\t\t\t\t\t<a href=\"https:\/\/www.gecad.isep.ipp.pt\/pc2phish\/pc2phish-em-destaque-na-imprensa-e-no-isep\/\" rel=\"bookmark\">\n\t\t\t\t\t\t\tPC2phish em Destaque na Imprensa e no ISEP\t\t\t\t\t\t<\/a>\n\t\t\t\t\t<\/h3>\n\t\t\t\t\n\t\t\t\t\t\t\t\t\t<div class=\"hfe-post-meta\">\n\t\t\t\t\t\t<span class=\"hfe-post-date\">02\/02\/2026<\/span><span class=\"hfe-meta-separator\"> | <\/span><span class=\"hfe-post-author\">by Ricardo<\/span>\t\t\t\t\t<\/div>\n\t\t\t\t\n\t\t\t\t\t\t\t\t\t<div class=\"hfe-post-excerpt\">\n\t\t\t\t\t\tPC2phish em Destaque na Imprensa e no ISEP O projeto PC2phish tem vindo a afirmar-se como uma iniciativa de refer\u00eancia...\t\t\t\t\t<\/div>\n\t\t\t\t\n\t\t\t\t\t\t\t\t\t<a href=\"https:\/\/www.gecad.isep.ipp.pt\/pc2phish\/pc2phish-em-destaque-na-imprensa-e-no-isep\/\" class=\"hfe-read-more\" rel=\"bookmark\">\n\t\t\t\t\t\tRead More \u2192\t\t\t\t\t<\/a>\n\t\t\t\t\t\t\t<\/div>\n\t\t<\/article>\n\t\t\t\t<article class=\"hfe-post-card\">\n\t\t\t\n\t\t\t<div class=\"hfe-post-content\">\n\t\t\t\t\t\t\t\t\t<h3 class=\"hfe-post-title\">\n\t\t\t\t\t\t<a href=\"https:\/\/www.gecad.isep.ipp.pt\/pc2phish\/en\/isep-hosts-workshop-on-phishing-and-malware-detection\/\" rel=\"bookmark\">\n\t\t\t\t\t\t\tISEP hosts workshop on phishing and malware detection\t\t\t\t\t\t<\/a>\n\t\t\t\t\t<\/h3>\n\t\t\t\t\n\t\t\t\t\t\t\t\t\t<div class=\"hfe-post-meta\">\n\t\t\t\t\t\t<span class=\"hfe-post-date\">01\/26\/2026<\/span><span class=\"hfe-meta-separator\"> | <\/span><span class=\"hfe-post-author\">by Ricardo<\/span>\t\t\t\t\t<\/div>\n\t\t\t\t\n\t\t\t\t\t\t\t\t\t<div class=\"hfe-post-excerpt\">\n\t\t\t\t\t\tISEP hosts workshop on phishing and malware detection The workshop will take place on January 28, at 6:00 PM, under...\t\t\t\t\t<\/div>\n\t\t\t\t\n\t\t\t\t\t\t\t\t\t<a href=\"https:\/\/www.gecad.isep.ipp.pt\/pc2phish\/en\/isep-hosts-workshop-on-phishing-and-malware-detection\/\" class=\"hfe-read-more\" rel=\"bookmark\">\n\t\t\t\t\t\tRead More \u2192\t\t\t\t\t<\/a>\n\t\t\t\t\t\t\t<\/div>\n\t\t<\/article>\n\t\t\t\t<article class=\"hfe-post-card\">\n\t\t\t\n\t\t\t<div class=\"hfe-post-content\">\n\t\t\t\t\t\t\t\t\t<h3 class=\"hfe-post-title\">\n\t\t\t\t\t\t<a href=\"https:\/\/www.gecad.isep.ipp.pt\/pc2phish\/isep-promove-workshop-para-detecao-de-phishing-e-malware\/\" rel=\"bookmark\">\n\t\t\t\t\t\t\tISEP promove workshop para dete\u00e7\u00e3o de phishing e malware\t\t\t\t\t\t<\/a>\n\t\t\t\t\t<\/h3>\n\t\t\t\t\n\t\t\t\t\t\t\t\t\t<div class=\"hfe-post-meta\">\n\t\t\t\t\t\t<span class=\"hfe-post-date\">01\/26\/2026<\/span><span class=\"hfe-meta-separator\"> | <\/span><span class=\"hfe-post-author\">by Ricardo<\/span>\t\t\t\t\t<\/div>\n\t\t\t\t\n\t\t\t\t\t\t\t\t\t<div class=\"hfe-post-excerpt\">\n\t\t\t\t\t\tISEP promove workshop para dete\u00e7\u00e3o de phishing e malware Vai decorrer, no pr\u00f3ximo dia 28 de janeiro, \u00e0s 18h00, um...\t\t\t\t\t<\/div>\n\t\t\t\t\n\t\t\t\t\t\t\t\t\t<a href=\"https:\/\/www.gecad.isep.ipp.pt\/pc2phish\/isep-promove-workshop-para-detecao-de-phishing-e-malware\/\" class=\"hfe-read-more\" rel=\"bookmark\">\n\t\t\t\t\t\tRead More \u2192\t\t\t\t\t<\/a>\n\t\t\t\t\t\t\t<\/div>\n\t\t<\/article>\n\t\t\t\t<article class=\"hfe-post-card\">\n\t\t\t\n\t\t\t<div class=\"hfe-post-content\">\n\t\t\t\t\t\t\t\t\t<h3 class=\"hfe-post-title\">\n\t\t\t\t\t\t<a href=\"https:\/\/www.gecad.isep.ipp.pt\/pc2phish\/en\/pc2phish-featured-in-national-media-eng\/\" rel=\"bookmark\">\n\t\t\t\t\t\t\tPC2phish Featured in National Media\t\t\t\t\t\t<\/a>\n\t\t\t\t\t<\/h3>\n\t\t\t\t\n\t\t\t\t\t\t\t\t\t<div class=\"hfe-post-meta\">\n\t\t\t\t\t\t<span class=\"hfe-post-date\">10\/13\/2025<\/span><span class=\"hfe-meta-separator\"> | <\/span><span class=\"hfe-post-author\">by Ricardo<\/span>\t\t\t\t\t<\/div>\n\t\t\t\t\n\t\t\t\t\t\t\t\t\t<div class=\"hfe-post-excerpt\">\n\t\t\t\t\t\tPC2phish Featured in National Media The PC2phish project, a collaboration between the Polytechnic of Porto \u2013 School of Engineering (ISEP)...\t\t\t\t\t<\/div>\n\t\t\t\t\n\t\t\t\t\t\t\t\t\t<a href=\"https:\/\/www.gecad.isep.ipp.pt\/pc2phish\/en\/pc2phish-featured-in-national-media-eng\/\" class=\"hfe-read-more\" rel=\"bookmark\">\n\t\t\t\t\t\tRead More \u2192\t\t\t\t\t<\/a>\n\t\t\t\t\t\t\t<\/div>\n\t\t<\/article>\n\t\t\t\t<article class=\"hfe-post-card\">\n\t\t\t\n\t\t\t<div class=\"hfe-post-content\">\n\t\t\t\t\t\t\t\t\t<h3 class=\"hfe-post-title\">\n\t\t\t\t\t\t<a href=\"https:\/\/www.gecad.isep.ipp.pt\/pc2phish\/pc2phish-em-destaque-na-imprensa-nacional-pt\/\" rel=\"bookmark\">\n\t\t\t\t\t\t\tValongo e ISEP unem esfor\u00e7os para refor\u00e7ar a ciberseguran\u00e7a na Administra\u00e7\u00e3o P\u00fablica\t\t\t\t\t\t<\/a>\n\t\t\t\t\t<\/h3>\n\t\t\t\t\n\t\t\t\t\t\t\t\t\t<div class=\"hfe-post-meta\">\n\t\t\t\t\t\t<span class=\"hfe-post-date\">10\/13\/2025<\/span><span class=\"hfe-meta-separator\"> | <\/span><span class=\"hfe-post-author\">by Ricardo<\/span>\t\t\t\t\t<\/div>\n\t\t\t\t\n\t\t\t\t\t\t\t\t\t<div class=\"hfe-post-excerpt\">\n\t\t\t\t\t\tPC2phish em Destaque na Imprensa Nacional O projeto PC2phish, uma colabora\u00e7\u00e3o entre o Instituto Superior de Engenharia do Porto (ISEP)...\t\t\t\t\t<\/div>\n\t\t\t\t\n\t\t\t\t\t\t\t\t\t<a href=\"https:\/\/www.gecad.isep.ipp.pt\/pc2phish\/pc2phish-em-destaque-na-imprensa-nacional-pt\/\" class=\"hfe-read-more\" rel=\"bookmark\">\n\t\t\t\t\t\tRead More \u2192\t\t\t\t\t<\/a>\n\t\t\t\t\t\t\t<\/div>\n\t\t<\/article>\n\t\t<\/div>\n\t\t\t\t<\/div>\n\t\t\t\t<\/div>\n\t\t\t\t\t<\/div>\n\t\t\t\t<\/div>\n\t\t\t\t<\/div>\n\t\t","protected":false},"excerpt":{"rendered":"<p>Detec\u00e7\u00e3o de Phishing Identificamos e prevenimos ataques de phishing em tempo real. Nossa ferramenta utiliza intelig\u00eancia artificial para detectar e bloquear e-mails suspeitos e atividades de malware, garantindo a seguran\u00e7a de suas comunica\u00e7\u00f5es. Saiba mais sobre isso Materiais de Consciencializa\u00e7\u00e3o Referenciamos uma s\u00e9rie de recursos online para aumentar a consciencializa\u00e7\u00e3o sobre seguran\u00e7a cibern\u00e9tica. Descubra nossos [&hellip;]<\/p>\n","protected":false},"author":3,"featured_media":0,"parent":0,"menu_order":0,"comment_status":"closed","ping_status":"closed","template":"","meta":{"footnotes":""},"class_list":["post-83","page","type-page","status-publish","hentry"],"_links":{"self":[{"href":"https:\/\/www.gecad.isep.ipp.pt\/pc2phish\/wp-json\/wp\/v2\/pages\/83","targetHints":{"allow":["GET"]}}],"collection":[{"href":"https:\/\/www.gecad.isep.ipp.pt\/pc2phish\/wp-json\/wp\/v2\/pages"}],"about":[{"href":"https:\/\/www.gecad.isep.ipp.pt\/pc2phish\/wp-json\/wp\/v2\/types\/page"}],"author":[{"embeddable":true,"href":"https:\/\/www.gecad.isep.ipp.pt\/pc2phish\/wp-json\/wp\/v2\/users\/3"}],"replies":[{"embeddable":true,"href":"https:\/\/www.gecad.isep.ipp.pt\/pc2phish\/wp-json\/wp\/v2\/comments?post=83"}],"version-history":[{"count":113,"href":"https:\/\/www.gecad.isep.ipp.pt\/pc2phish\/wp-json\/wp\/v2\/pages\/83\/revisions"}],"predecessor-version":[{"id":2444,"href":"https:\/\/www.gecad.isep.ipp.pt\/pc2phish\/wp-json\/wp\/v2\/pages\/83\/revisions\/2444"}],"wp:attachment":[{"href":"https:\/\/www.gecad.isep.ipp.pt\/pc2phish\/wp-json\/wp\/v2\/media?parent=83"}],"curies":[{"name":"wp","href":"https:\/\/api.w.org\/{rel}","templated":true}]}}